{"id":97,"date":"2015-04-11T17:33:00","date_gmt":"2015-04-11T15:33:00","guid":{"rendered":"https:\/\/2tramps1world.wordpress.com\/?page_id=97"},"modified":"2019-01-06T10:23:10","modified_gmt":"2019-01-06T09:23:10","slug":"reiseroute","status":"publish","type":"page","link":"https:\/\/2tramps1world.com\/?page_id=97","title":{"rendered":"Route"},"content":{"rendered":"\n<p>Wenn ihr auf die verschiedenen L\u00e4nderkategorien klickt, k\u00f6nnt ihr die dazu passenden Berichte lesen.<br \/>Seit Juli 2015 waren wir in <strong>S\u00fcdamerika<\/strong> (Kolumbien, Ecuador, Peru, Bolivien, Chile, Argentinien, Uruguay, Paraguay &amp; Brasilien), <strong>Neuseeland<\/strong>, <strong>Tonga<\/strong>,<strong> T\u00fcrkei <\/strong>(Istanbul),<strong> Ukraine<\/strong>(Kiew) und <strong>Sri Lanka<\/strong><\/p>\n<p>In S\u00fcdamerika sind wir fast immer\u00a0mit Bussen gefahren (insgesamt kamen wir dabei auf \u00fcber 414 Stunden!!), selten geflogen\u00a0und in Chile und Argentinien waren\u00a0wir oft per Anhalter unterwegs.<\/p>\n<p>In Neuseeland haben wir einen Van gekauft und umgebaut um damit durch das Land zu fahren. Das gibt uns die Freiheit \u00fcberall anzuhalten und zu \u00fcbernachten wo es uns gerade am besten gef\u00e4llt.<\/p>\n<p>\u00a0<\/p>\n<div style=\"position: relative; margin: 5px 0 5px 0; padding-bottom: 56.25%; height: 0; clear: both;\"><iframe style=\"position: absolute; top: 0; left: 0; width: 100%; height: 100%; border: 0;\" src=\"https:\/\/www.tripline.net\/map?tripId=161256515363101387D1E06D65E80978&amp;onSite=0\" frameborder=\"0\" allowfullscreen=\"allowfullscreen\"><\/iframe><\/div>\n\n\n\n\n<p><\/p>\n\n\n\n<p><\/p>\n","protected":false},"excerpt":{"rendered":"<p>Wenn ihr auf die verschiedenen L\u00e4nderkategorien klickt, k\u00f6nnt ihr die dazu passenden Berichte lesen.Seit Juli 2015 waren wir in S\u00fcdamerika (Kolumbien, Ecuador, Peru, Bolivien, Chile, Argentinien, Uruguay, Paraguay &amp; Brasilien), Neuseeland, Tonga, T\u00fcrkei (Istanbul), Ukraine(Kiew) und Sri Lanka In S\u00fcdamerika sind wir fast immer\u00a0mit Bussen gefahren (insgesamt kamen wir dabei auf \u00fcber 414 Stunden!!), selten geflogen\u00a0und in Chile und Argentinien [&hellip;]<\/p>\n","protected":false},"author":1,"featured_media":4788,"parent":0,"menu_order":0,"comment_status":"open","ping_status":"closed","template":"","meta":{"jetpack_post_was_ever_published":false,"footnotes":""},"tags":[],"class_list":["post-97","page","type-page","status-publish","has-post-thumbnail","hentry"],"jetpack_sharing_enabled":true,"jetpack_shortlink":"https:\/\/wp.me\/P9guwb-1z","jetpack_likes_enabled":true,"jetpack-related-posts":[{"id":104,"url":"https:\/\/2tramps1world.com\/?page_id=104","url_meta":{"origin":97,"position":0},"title":"\u00dcber uns","date":"11. April 2015","format":false,"excerpt":"Bist du bereit mit uns um die Welt zu reisen? \u201eI always wonder why birds stay in the same place\u00a0when they can fly anywhere on earth.\u00a0 Then I ask myself the same question.\u201c -\u00a0Harun Yahya Wir sind Sabrina & Marco - seit dem 03.07.2015 auf einer Reise, die wir so\u2026","rel":"","context":"In \"Blog\"","img":{"alt_text":"","src":"https:\/\/i0.wp.com\/2tramps1world.com\/wp-content\/uploads\/2015\/04\/beitragfoto-1-e1510610664587.jpg?resize=350%2C200","width":350,"height":200},"classes":[]},{"id":423,"url":"https:\/\/2tramps1world.com\/?page_id=423","url_meta":{"origin":97,"position":1},"title":"Kaffeepause","date":"25. Juli 2015","format":false,"excerpt":"Wie wir uns das Reisen leisten k\u00f6nnen sollte eigentlich allen klar sein: wir haben gespart und uns im letzten Jahr vor unserer Reise fast nichts geg\u00f6nnt und versuchen auch unterwegs so sparsam wie m\u00f6glich zu leben, um m\u00f6glichst lange unterwegs zu sein. Zwischendurch arbeiten wir auch unterwegs um unsere Reisekasse\u2026","rel":"","context":"Mit 3 Kommentaren","img":{"alt_text":"","src":"https:\/\/i0.wp.com\/2tramps1world.com\/wp-content\/uploads\/2016\/07\/sam_0195.jpg?fit=1200%2C550&ssl=1&resize=350%2C200","width":350,"height":200},"classes":[]},{"id":1512,"url":"https:\/\/2tramps1world.com\/?page_id=1512","url_meta":{"origin":97,"position":2},"title":"Colca Canyon &#8211; Selbst organisieren!","date":"25. Oktober 2015","format":false,"excerpt":"Du bist in Arequipa und planst einen Ausflug zum Colca Canyon, hast aber keine Lust auf eine gef\u00fchrte Tour? Kein Problem, wir verraten dir wie du es ganz ohne Guide und Zelt etc. schaffst! Du brauchst nur deinen Tagesrucksack und ein paar andere Kleinigkeiten! Schwierigkeitsgrad: Einfach bis Moderat (auf Grund\u2026","rel":"","context":"In \"arequipa\"","img":{"alt_text":"","src":"","width":0,"height":0},"classes":[]},{"id":3060,"url":"https:\/\/2tramps1world.com\/?page_id=3060","url_meta":{"origin":97,"position":3},"title":"Torres del Paine &#8211; Auf eigene Faust","date":"20. November 2017","format":false,"excerpt":"Selbst organisieren, Geld sparen und nicht in einer gro\u00dfen Gruppe gehen! Patagonien steht bei vielen auf der Reiseliste ganz oben -\u00a0 und das zu Recht! Damit Torres del Paine der H\u00f6hepunkt der S\u00fcdamerikareise oder bei einem Besuch in Patagonien werden kann, zeigen wir dir welche M\u00f6glichkeiten du hast und haben\u2026","rel":"","context":"In \"anreise\"","img":{"alt_text":"","src":"https:\/\/i0.wp.com\/2tramps1world.com\/wp-content\/uploads\/2017\/11\/Header-TDP-1-1024x412.jpg?resize=350%2C200","width":350,"height":200},"classes":[]},{"id":1353,"url":"https:\/\/2tramps1world.com\/?page_id=1353","url_meta":{"origin":97,"position":4},"title":"Tipps und Empfehlungen","date":"25. Oktober 2015","format":false,"excerpt":"Manchmal nervt es einfach nur: Der Ort ist voller Touranbieter & viele Menschen haben die Treks schon gemacht aber NIRGENDWO kann man anst\u00e4ndige Informationen auftreiben um eine Wanderung selbst zu organisieren?! Da wir ab und zu wirklich M\u00fche haben gescheite Infos zu Wanderungen, Preisen etc. zu finden, sammeln wir ab\u2026","rel":"","context":"\u00c4hnlicher Beitrag","img":{"alt_text":"","src":"","width":0,"height":0},"classes":[]},{"id":1570,"url":"https:\/\/2tramps1world.com\/?page_id=1570","url_meta":{"origin":97,"position":5},"title":"Salkantay Trek","date":"25. Oktober 2015","format":false,"excerpt":"Der Inkatrail ist dir zu \u00fcberlaufen oder zu teuer, du m\u00f6chtest aber schon vor Machu Picchu die unglaublich abwechslungsreiche Landschaft des Urubambatal genie\u00dfen? Kein Problem! Selbst wenn es in Cusco mehr Touranbieter als Pflastersteine an der Plaza de Armas gibt: lass dich nicht davon abhalten den Trek alleine zu gehen!\u2026","rel":"","context":"In \"ausr\u00fcstung leihen\"","img":{"alt_text":"","src":"","width":0,"height":0},"classes":[]}],"_links":{"self":[{"href":"https:\/\/2tramps1world.com\/index.php?rest_route=\/wp\/v2\/pages\/97"}],"collection":[{"href":"https:\/\/2tramps1world.com\/index.php?rest_route=\/wp\/v2\/pages"}],"about":[{"href":"https:\/\/2tramps1world.com\/index.php?rest_route=\/wp\/v2\/types\/page"}],"author":[{"embeddable":true,"href":"https:\/\/2tramps1world.com\/index.php?rest_route=\/wp\/v2\/users\/1"}],"replies":[{"embeddable":true,"href":"https:\/\/2tramps1world.com\/index.php?rest_route=%2Fwp%2Fv2%2Fcomments&post=97"}],"version-history":[{"count":6,"href":"https:\/\/2tramps1world.com\/index.php?rest_route=\/wp\/v2\/pages\/97\/revisions"}],"predecessor-version":[{"id":9187,"href":"https:\/\/2tramps1world.com\/index.php?rest_route=\/wp\/v2\/pages\/97\/revisions\/9187"}],"wp:featuredmedia":[{"embeddable":true,"href":"https:\/\/2tramps1world.com\/index.php?rest_route=\/wp\/v2\/media\/4788"}],"wp:attachment":[{"href":"https:\/\/2tramps1world.com\/index.php?rest_route=%2Fwp%2Fv2%2Fmedia&parent=97"}],"wp:term":[{"taxonomy":"post_tag","embeddable":true,"href":"https:\/\/2tramps1world.com\/index.php?rest_route=%2Fwp%2Fv2%2Ftags&post=97"}],"curies":[{"name":"wp","href":"https:\/\/api.w.org\/{rel}","templated":true}]}}