{"id":423,"date":"2015-07-25T06:06:11","date_gmt":"2015-07-25T04:06:11","guid":{"rendered":"https:\/\/2tramps1world.wordpress.com\/?page_id=423"},"modified":"2019-01-19T02:32:16","modified_gmt":"2019-01-19T01:32:16","slug":"unterstuetzt-uns","status":"publish","type":"page","link":"https:\/\/2tramps1world.com\/?page_id=423","title":{"rendered":"Kaffeepause"},"content":{"rendered":"<p>Wie wir uns das Reisen leisten k\u00f6nnen sollte eigentlich allen klar sein: wir haben gespart und uns im letzten Jahr vor unserer Reise fast nichts geg\u00f6nnt und versuchen auch unterwegs so sparsam wie m\u00f6glich zu leben, um m\u00f6glichst lange unterwegs zu sein. Zwischendurch arbeiten wir auch unterwegs um unsere Reisekasse nochmal etwas auf zuf\u00fcllen.<\/p>\n<p>Ihr wollt uns beim schreiben der Berichte unterst\u00fctzen und uns eine leckere Pause (eventuell in Form von Kuchen, Kaffee, Bier oder einer lokalen Spezialit\u00e4t) g\u00f6nnen?<\/p>\n<p>Ihr wollt uns&nbsp;helfen ein neues Abenteuer zu erleben (z.B. mit Walhaien schwimmen)?<\/p>\n<p>Nat\u00fcrlich lassen wir euch wissen wof\u00fcr wir das Geld ausgeben bzw. ihr k\u00f6nnt entscheiden wof\u00fcr wir eure Spende verwenden.<\/p>\n<h2>Was habt ihr davon?<\/h2>\n<p>F\u00fcr jede Spende&nbsp;(ab 10\u20ac) schicken wir euch im Gegenzug eine Postkarte! Denkt bitte nur daran uns eure Adresse mitzuteilen!<\/p>\n<p>Also hier entlang:<\/p>\n<p>&nbsp;<\/p>\n<a class=\"maxbutton-1 maxbutton maxbutton-spenden\" target=\"_blank\" rel=\"noopener\" href=\"https:\/\/paypal.me\/pools\/c\/8bsTms6jtS\"><span class='mb-text'>Spenden<\/span><\/a>\n<p>&nbsp;<\/p>\n<p>Das einzige was ihr dazu ben\u00f6tigt: Ihr m\u00fcsst bei Paypal angemeldet sein<\/p>\n<p><img loading=\"lazy\" decoding=\"async\" data-attachment-id=\"1892\" data-permalink=\"https:\/\/2tramps1world.com\/?attachment_id=1892\" data-orig-file=\"https:\/\/i0.wp.com\/2tramps1world.com\/wp-content\/uploads\/2015\/12\/dsc0441201-jpg.jpeg?fit=2560%2C1442&amp;ssl=1\" data-orig-size=\"2560,1442\" data-comments-opened=\"1\" data-image-meta=\"{&quot;aperture&quot;:&quot;3.5&quot;,&quot;credit&quot;:&quot;&quot;,&quot;camera&quot;:&quot;DSC-HX60&quot;,&quot;caption&quot;:&quot;&quot;,&quot;created_timestamp&quot;:&quot;1446665257&quot;,&quot;copyright&quot;:&quot;&quot;,&quot;focal_length&quot;:&quot;4.3&quot;,&quot;iso&quot;:&quot;1250&quot;,&quot;shutter_speed&quot;:&quot;0.125&quot;,&quot;title&quot;:&quot;&quot;,&quot;orientation&quot;:&quot;1&quot;}\" data-image-title=\"\" data-image-description=\"\" data-image-caption=\"\" data-medium-file=\"https:\/\/i0.wp.com\/2tramps1world.com\/wp-content\/uploads\/2015\/12\/dsc0441201-jpg.jpeg?fit=300%2C169&amp;ssl=1\" data-large-file=\"https:\/\/i0.wp.com\/2tramps1world.com\/wp-content\/uploads\/2015\/12\/dsc0441201-jpg.jpeg?fit=1024%2C577&amp;ssl=1\" class=\"alignnone size-full wp-image-1892\" src=\"https:\/\/2tramps1world.files.wordpress.com\/2015\/12\/dsc0441201-jpg.jpeg?resize=1170%2C659\" alt=\"\" width=\"1170\" height=\"659\" srcset=\"https:\/\/i0.wp.com\/2tramps1world.com\/wp-content\/uploads\/2015\/12\/dsc0441201-jpg.jpeg?w=2560&amp;ssl=1 2560w, https:\/\/i0.wp.com\/2tramps1world.com\/wp-content\/uploads\/2015\/12\/dsc0441201-jpg.jpeg?resize=300%2C169&amp;ssl=1 300w, https:\/\/i0.wp.com\/2tramps1world.com\/wp-content\/uploads\/2015\/12\/dsc0441201-jpg.jpeg?resize=768%2C433&amp;ssl=1 768w, https:\/\/i0.wp.com\/2tramps1world.com\/wp-content\/uploads\/2015\/12\/dsc0441201-jpg.jpeg?resize=1024%2C577&amp;ssl=1 1024w, https:\/\/i0.wp.com\/2tramps1world.com\/wp-content\/uploads\/2015\/12\/dsc0441201-jpg.jpeg?resize=809%2C456&amp;ssl=1 809w, https:\/\/i0.wp.com\/2tramps1world.com\/wp-content\/uploads\/2015\/12\/dsc0441201-jpg.jpeg?w=2340 2340w\" sizes=\"(max-width: 1170px) 100vw, 1170px\" data-recalc-dims=\"1\" \/><\/p>\n<p>Die erste Spende haben wir, wie gew\u00fcnscht angelegt \ud83d\ude09 Danke nochmal <strong>Harry<\/strong>!<\/p>\n<p>Eine anonyme Spende haben wir als Unterst\u00fctzung, bei dem Versuch den Huayna Potosi zu besteigen, angelegt und eine weitere anonyme Spende hat uns erm\u00f6glicht unseren Blog zu upgraden!<\/p>\n<p><strong>Marie-Line, Sarah, Roman, Tatjana, Stephan, Lari, Michele &amp; Markus<\/strong> : Eure Spende wird uns den Rest unserer Reise begleiten, denn wir haben das Geld in Ausr\u00fcstung investiert. Endlich haben wir uns Sachen zum campen gekauft und k\u00f6nnen uns in Zukunft darauf verlassen nicht im Nassen \u00fcbernachten zu m\u00fcssen ; )<\/p>\n<p><a href=\"https:\/\/2tramps1world.files.wordpress.com\/2015\/07\/dsc05970.jpg\" rel=\"attachment wp-att-2561\"><img loading=\"lazy\" decoding=\"async\" data-attachment-id=\"2561\" data-permalink=\"https:\/\/2tramps1world.com\/?attachment_id=2561\" data-orig-file=\"https:\/\/i0.wp.com\/2tramps1world.com\/wp-content\/uploads\/2016\/01\/dsc05970.jpg?fit=5184%2C2920&amp;ssl=1\" data-orig-size=\"5184,2920\" data-comments-opened=\"1\" data-image-meta=\"{&quot;aperture&quot;:&quot;3.5&quot;,&quot;credit&quot;:&quot;&quot;,&quot;camera&quot;:&quot;DSC-HX60&quot;,&quot;caption&quot;:&quot;&quot;,&quot;created_timestamp&quot;:&quot;1452182302&quot;,&quot;copyright&quot;:&quot;&quot;,&quot;focal_length&quot;:&quot;4.3&quot;,&quot;iso&quot;:&quot;80&quot;,&quot;shutter_speed&quot;:&quot;0.008&quot;,&quot;title&quot;:&quot;&quot;,&quot;orientation&quot;:&quot;1&quot;}\" data-image-title=\"\" data-image-description=\"\" data-image-caption=\"\" data-medium-file=\"https:\/\/i0.wp.com\/2tramps1world.com\/wp-content\/uploads\/2016\/01\/dsc05970.jpg?fit=300%2C169&amp;ssl=1\" data-large-file=\"https:\/\/i0.wp.com\/2tramps1world.com\/wp-content\/uploads\/2016\/01\/dsc05970.jpg?fit=1024%2C577&amp;ssl=1\" class=\"aligncenter size-large wp-image-2561\" src=\"https:\/\/2tramps1world.files.wordpress.com\/2015\/07\/dsc05970.jpg?w=1163&#038;resize=809%2C456\" alt=\"DSC05970\" width=\"809\" height=\"456\"  data-recalc-dims=\"1\"><\/a><\/p>\n<p><strong>Jo &amp; Heike<\/strong>: eure Spende haben wir in ein Abendessen mit unserem &#8222;Besuch aus der Heimat&#8220; investiert. Leider ist das Foto so verwackelt, das wir davon kein Foto hochladen k\u00f6nnen. Ob&#8217;s am Alkohol lag? Wer wei\u00df&#8230; \ud83d\ude09<\/p>\n<p><strong>Anonymer Spender:&nbsp;<\/strong>deine Spende haben wir bei einem Rugby-Bier-und-Essen-Abend auf den Kopf gehauen.<\/p>\n<p><img loading=\"lazy\" decoding=\"async\" data-attachment-id=\"4791\" data-permalink=\"https:\/\/2tramps1world.com\/?attachment_id=4791\" data-orig-file=\"https:\/\/i0.wp.com\/2tramps1world.com\/wp-content\/uploads\/2016\/07\/img_0147.jpg?fit=1024%2C768&amp;ssl=1\" data-orig-size=\"1024,768\" data-comments-opened=\"1\" data-image-meta=\"{&quot;aperture&quot;:&quot;2.4&quot;,&quot;credit&quot;:&quot;&quot;,&quot;camera&quot;:&quot;iPhone 5&quot;,&quot;caption&quot;:&quot;&quot;,&quot;created_timestamp&quot;:&quot;1465673520&quot;,&quot;copyright&quot;:&quot;&quot;,&quot;focal_length&quot;:&quot;4.12&quot;,&quot;iso&quot;:&quot;3200&quot;,&quot;shutter_speed&quot;:&quot;0.0666666666667&quot;,&quot;title&quot;:&quot;&quot;,&quot;orientation&quot;:&quot;1&quot;}\" data-image-title=\"IMG_0147\" data-image-description=\"\" data-image-caption=\"\" data-medium-file=\"https:\/\/i0.wp.com\/2tramps1world.com\/wp-content\/uploads\/2016\/07\/img_0147.jpg?fit=300%2C225&amp;ssl=1\" data-large-file=\"https:\/\/i0.wp.com\/2tramps1world.com\/wp-content\/uploads\/2016\/07\/img_0147.jpg?fit=1024%2C768&amp;ssl=1\" class=\"alignnone size-full wp-image-4791\" src=\"https:\/\/2tramps1world.files.wordpress.com\/2015\/07\/img_0147.jpg?resize=1024%2C768\" alt=\"IMG_0147\" width=\"1024\" height=\"768\"  data-recalc-dims=\"1\"><\/p>\n<p><strong>Heinz, R\u00fcdiger&nbsp;Bux, Manuel Kohlhaas &amp; James N<\/strong><b>illes:&nbsp;<\/b>vielen Dank f\u00fcr eure (teilweise unbekannte) Unterst\u00fctzung! Sobald wir das Geld in irgendwas investiert haben, werden wir Fotos hochladen.<\/p>\n<p>Danke euch allen!<\/p>\n","protected":false},"excerpt":{"rendered":"<p>Wie wir uns das Reisen leisten k\u00f6nnen sollte eigentlich allen klar sein: wir haben gespart und uns im letzten Jahr vor unserer Reise fast nichts geg\u00f6nnt und versuchen auch unterwegs so sparsam wie m\u00f6glich zu leben, um m\u00f6glichst lange unterwegs zu sein. Zwischendurch arbeiten wir auch unterwegs um unsere Reisekasse nochmal etwas auf zuf\u00fcllen. Ihr wollt uns beim schreiben der [&hellip;]<\/p>\n","protected":false},"author":1,"featured_media":4789,"parent":0,"menu_order":0,"comment_status":"open","ping_status":"open","template":"","meta":{"jetpack_post_was_ever_published":false,"footnotes":""},"tags":[],"class_list":["post-423","page","type-page","status-publish","has-post-thumbnail","hentry"],"jetpack_sharing_enabled":true,"jetpack_shortlink":"https:\/\/wp.me\/P9guwb-6P","jetpack_likes_enabled":true,"jetpack-related-posts":[{"id":97,"url":"https:\/\/2tramps1world.com\/?page_id=97","url_meta":{"origin":423,"position":0},"title":"Route","date":"11. April 2015","format":false,"excerpt":"Wenn ihr auf die verschiedenen L\u00e4nderkategorien klickt, k\u00f6nnt ihr die dazu passenden Berichte lesen.Seit Juli 2015 waren wir in S\u00fcdamerika (Kolumbien, Ecuador, Peru, Bolivien, Chile, Argentinien, Uruguay, Paraguay & Brasilien), Neuseeland, Tonga, T\u00fcrkei (Istanbul), Ukraine(Kiew) und Sri Lanka In S\u00fcdamerika sind wir fast immer\u00a0mit Bussen gefahren (insgesamt kamen wir dabei\u2026","rel":"","context":"\u00c4hnlicher Beitrag","img":{"alt_text":"","src":"https:\/\/i0.wp.com\/2tramps1world.com\/wp-content\/uploads\/2016\/07\/img_2592.jpeg?fit=1200%2C599&ssl=1&resize=350%2C200","width":350,"height":200},"classes":[]},{"id":3060,"url":"https:\/\/2tramps1world.com\/?page_id=3060","url_meta":{"origin":423,"position":1},"title":"Torres del Paine &#8211; Auf eigene Faust","date":"20. November 2017","format":false,"excerpt":"Selbst organisieren, Geld sparen und nicht in einer gro\u00dfen Gruppe gehen! Patagonien steht bei vielen auf der Reiseliste ganz oben -\u00a0 und das zu Recht! Damit Torres del Paine der H\u00f6hepunkt der S\u00fcdamerikareise oder bei einem Besuch in Patagonien werden kann, zeigen wir dir welche M\u00f6glichkeiten du hast und haben\u2026","rel":"","context":"In \"anreise\"","img":{"alt_text":"","src":"https:\/\/i0.wp.com\/2tramps1world.com\/wp-content\/uploads\/2017\/11\/Header-TDP-1-1024x412.jpg?resize=350%2C200","width":350,"height":200},"classes":[]},{"id":104,"url":"https:\/\/2tramps1world.com\/?page_id=104","url_meta":{"origin":423,"position":2},"title":"\u00dcber uns","date":"11. April 2015","format":false,"excerpt":"Bist du bereit mit uns um die Welt zu reisen? \u201eI always wonder why birds stay in the same place\u00a0when they can fly anywhere on earth.\u00a0 Then I ask myself the same question.\u201c -\u00a0Harun Yahya Wir sind Sabrina & Marco - seit dem 03.07.2015 auf einer Reise, die wir so\u2026","rel":"","context":"In \"Blog\"","img":{"alt_text":"","src":"https:\/\/i0.wp.com\/2tramps1world.com\/wp-content\/uploads\/2015\/04\/beitragfoto-1-e1510610664587.jpg?resize=350%2C200","width":350,"height":200},"classes":[]},{"id":1512,"url":"https:\/\/2tramps1world.com\/?page_id=1512","url_meta":{"origin":423,"position":3},"title":"Colca Canyon &#8211; Selbst organisieren!","date":"25. Oktober 2015","format":false,"excerpt":"Du bist in Arequipa und planst einen Ausflug zum Colca Canyon, hast aber keine Lust auf eine gef\u00fchrte Tour? Kein Problem, wir verraten dir wie du es ganz ohne Guide und Zelt etc. schaffst! Du brauchst nur deinen Tagesrucksack und ein paar andere Kleinigkeiten! Schwierigkeitsgrad: Einfach bis Moderat (auf Grund\u2026","rel":"","context":"In \"arequipa\"","img":{"alt_text":"","src":"","width":0,"height":0},"classes":[]},{"id":1353,"url":"https:\/\/2tramps1world.com\/?page_id=1353","url_meta":{"origin":423,"position":4},"title":"Tipps und Empfehlungen","date":"25. Oktober 2015","format":false,"excerpt":"Manchmal nervt es einfach nur: Der Ort ist voller Touranbieter & viele Menschen haben die Treks schon gemacht aber NIRGENDWO kann man anst\u00e4ndige Informationen auftreiben um eine Wanderung selbst zu organisieren?! Da wir ab und zu wirklich M\u00fche haben gescheite Infos zu Wanderungen, Preisen etc. zu finden, sammeln wir ab\u2026","rel":"","context":"\u00c4hnlicher Beitrag","img":{"alt_text":"","src":"","width":0,"height":0},"classes":[]},{"id":1570,"url":"https:\/\/2tramps1world.com\/?page_id=1570","url_meta":{"origin":423,"position":5},"title":"Salkantay Trek","date":"25. Oktober 2015","format":false,"excerpt":"Der Inkatrail ist dir zu \u00fcberlaufen oder zu teuer, du m\u00f6chtest aber schon vor Machu Picchu die unglaublich abwechslungsreiche Landschaft des Urubambatal genie\u00dfen? Kein Problem! Selbst wenn es in Cusco mehr Touranbieter als Pflastersteine an der Plaza de Armas gibt: lass dich nicht davon abhalten den Trek alleine zu gehen!\u2026","rel":"","context":"In \"ausr\u00fcstung leihen\"","img":{"alt_text":"","src":"","width":0,"height":0},"classes":[]}],"_links":{"self":[{"href":"https:\/\/2tramps1world.com\/index.php?rest_route=\/wp\/v2\/pages\/423"}],"collection":[{"href":"https:\/\/2tramps1world.com\/index.php?rest_route=\/wp\/v2\/pages"}],"about":[{"href":"https:\/\/2tramps1world.com\/index.php?rest_route=\/wp\/v2\/types\/page"}],"author":[{"embeddable":true,"href":"https:\/\/2tramps1world.com\/index.php?rest_route=\/wp\/v2\/users\/1"}],"replies":[{"embeddable":true,"href":"https:\/\/2tramps1world.com\/index.php?rest_route=%2Fwp%2Fv2%2Fcomments&post=423"}],"version-history":[{"count":9,"href":"https:\/\/2tramps1world.com\/index.php?rest_route=\/wp\/v2\/pages\/423\/revisions"}],"predecessor-version":[{"id":9202,"href":"https:\/\/2tramps1world.com\/index.php?rest_route=\/wp\/v2\/pages\/423\/revisions\/9202"}],"wp:featuredmedia":[{"embeddable":true,"href":"https:\/\/2tramps1world.com\/index.php?rest_route=\/wp\/v2\/media\/4789"}],"wp:attachment":[{"href":"https:\/\/2tramps1world.com\/index.php?rest_route=%2Fwp%2Fv2%2Fmedia&parent=423"}],"wp:term":[{"taxonomy":"post_tag","embeddable":true,"href":"https:\/\/2tramps1world.com\/index.php?rest_route=%2Fwp%2Fv2%2Ftags&post=423"}],"curies":[{"name":"wp","href":"https:\/\/api.w.org\/{rel}","templated":true}]}}