{"id":3060,"date":"2017-11-20T09:43:32","date_gmt":"2017-11-20T08:43:32","guid":{"rendered":"http:\/\/2tramps1world.com\/?page_id=3060"},"modified":"2018-04-01T08:34:27","modified_gmt":"2018-04-01T06:34:27","slug":"torres-del-paine","status":"publish","type":"page","link":"https:\/\/2tramps1world.com\/?page_id=3060","title":{"rendered":"Torres del Paine &#8211; Auf eigene Faust"},"content":{"rendered":"<p><strong>Selbst organisieren, Geld sparen und nicht in einer gro\u00dfen Gruppe gehen!<\/strong><\/p>\n<p><img loading=\"lazy\" decoding=\"async\" data-attachment-id=\"8368\" data-permalink=\"https:\/\/2tramps1world.com\/?attachment_id=8368\" data-orig-file=\"https:\/\/i0.wp.com\/2tramps1world.com\/wp-content\/uploads\/2017\/11\/Header-TDP-1-e1522564241812.jpg?fit=1500%2C604&amp;ssl=1\" data-orig-size=\"1500,604\" data-comments-opened=\"1\" data-image-meta=\"{&quot;aperture&quot;:&quot;3.5&quot;,&quot;credit&quot;:&quot;&quot;,&quot;camera&quot;:&quot;DSC-HX60&quot;,&quot;caption&quot;:&quot;&quot;,&quot;created_timestamp&quot;:&quot;1456485743&quot;,&quot;copyright&quot;:&quot;&quot;,&quot;focal_length&quot;:&quot;4.3&quot;,&quot;iso&quot;:&quot;80&quot;,&quot;shutter_speed&quot;:&quot;0.005&quot;,&quot;title&quot;:&quot;&quot;,&quot;orientation&quot;:&quot;1&quot;}\" data-image-title=\"Header TDP\" data-image-description=\"\" data-image-caption=\"\" data-medium-file=\"https:\/\/i0.wp.com\/2tramps1world.com\/wp-content\/uploads\/2017\/11\/Header-TDP-1-e1522564241812.jpg?fit=300%2C121&amp;ssl=1\" data-large-file=\"https:\/\/i0.wp.com\/2tramps1world.com\/wp-content\/uploads\/2017\/11\/Header-TDP-1-e1522564241812.jpg?fit=1024%2C412&amp;ssl=1\" class=\"alignnone size-large wp-image-8368\" src=\"https:\/\/i0.wp.com\/2tramps1world.com\/wp-content\/uploads\/2017\/11\/Header-TDP-1.jpg?resize=1024%2C412\" alt=\"\" width=\"1024\" height=\"412\" data-recalc-dims=\"1\" \/><\/p>\n<p>Patagonien steht bei vielen auf der Reiseliste ganz oben &#8211;\u00a0 und das zu Recht!<\/p>\n<p>Damit Torres del Paine <em>der<\/em> H\u00f6hepunkt der S\u00fcdamerikareise oder bei einem Besuch in Patagonien werden kann, zeigen wir dir welche M\u00f6glichkeiten du hast und haben ein paar Tipps zur Route f\u00fcr deinen Besuch im Nationalpark Torres del Paine.<\/p>\n<p>Generell ist im Park alles M\u00f6glich: du kannst nur einen Tagesausflug machen, kannst in 4-5 Tagen das &#8222;W&#8220; laufen oder aber in 8-9 Tagen das &#8222;O&#8220; oder das &#8222;Q&#8220; w\u00e4hlen. F\u00fcr Faule bietet der Park sogar ein Hotel und Refugios in denen du \u00fcbernachten und dich verpflegen lassen kannst. Das Hotel und die Refugios lassen wir hier mal absichtlich bei Seite, denn brauchst du so etwas unbedingt bei einem Ausflug in der Natur!? Dazu ist es noch ziemlich teuer&#8230;<\/p>\n<h3>Allgemeine Info&#8217;s<\/h3>\n<p><strong>Die An- und Abreise:\u00a0<\/strong><\/p>\n<p>Vom Busterminal in Puerto Natales fahren jeden Morgen um 7:30h, 7:50h und zur Hochsaison Mittags um 14:30 Uhr Busse zum Park. Die Fahrt dauert ca. 2 1\/2 Stunden bis zum 1. Stop, dem Parkeingang bzw. Laguna Amarga, wo jeder 4 Schritte durchlaufen muss.<\/p>\n<ol>\n<li>Formular ausf\u00fcllen (Name, Passnummer, Alter, Wieviele Tage bleibst du im Park, Welche Orte willst du besuchen etc.)<\/li>\n<li>Bezahlen<\/li>\n<li>Registrieren bzw. ausgef\u00fclltes Formular abgeben<\/li>\n<li>Ein Video \u00fcber den Park, Brandschutz und Vorsichtsma\u00dfnahmen ansehen<\/li>\n<\/ol>\n<p>Jetzt habt ihr die Wahl entweder zur\u00fcck in den Bus zu steigen oder k\u00f6nnt von hier aus gleich los laufen und den Trek im Osten des Parks (Startpunkt: Hotel Torres) beginnen. Dazu k\u00f6nnt ihr ein Shuttle von Laguna Amarga zum Hotel Torres nehmen (ca. 20min) oder bis zum Hotel laufen (ca. 2h aber \u00fcber eine Schotterstra\u00dfe also nicht besonders sch\u00f6n).<\/p>\n<p>Der zweite Stop des Busses hei\u00dft &#8222;Pudeto&#8220; und hier h\u00e4lt der Bus an der Anlegestelle des Katamaran. Mit dem Katamaran k\u00f6nnt ihr zum Westlichen Eingang des Parks gelangen (Startpunkt: Paine Grande) und dort eure Wanderung beginnnen.<\/p>\n<p>Der dritte Stop des Busses hei\u00dft Administration und hier steigt ihr aus, wenn ihr das &#8222;Q&#8220; laufen wollt.<\/p>\n<p>Um die R\u00fcckfahrt zu planen ben\u00f6tigt ihr nur folgende Infos:<\/p>\n<p>Der Katamaran f\u00e4hrt um 10, 12.30 und 18.30 Uhr von Paine Grande nach Pudeto und die Busse fahren von der Administration um 13 Uhr un 18 Uhr, von Pudeto um 13.30 Uhr und 19 Uhr und von Laguna Amarga um 14.30 Uhr und 19.45 Uhr zur\u00fcck nach Puerto Natales<\/p>\n<h3><strong>Die Kosten<\/strong><\/h3>\n<p><strong>Fahrtkosten<\/strong><\/p>\n<ul>\n<li>Bus: Puerto Natales &#8211; Park &#8211; Puerto Natales 15.000 CLP (in manchen Hostels kann man den Bus aber auch f\u00fcr 12.000 CLP buchen)<\/li>\n<li>Shuttle: Administration &#8211; Hotel Torres 2.800 CLP<\/li>\n<li>Katamaran: Oneway 18.000 CLP, Hin-und R\u00fcckfahrt 28.000 CLP<\/li>\n<\/ul>\n<p><strong>Eintritt<\/strong><\/p>\n<ul>\n<li>21.000 CLP (Low Season 11.000 CLP Mai bis Sept.)<\/li>\n<\/ul>\n<p>F\u00fcr weitere Infos k\u00f6nnt ihr\u00a0<a href=\"https:\/\/torresdelpaine.com\/en\/schedule-values-and-information-season-2016-2017\/\">hier<\/a>\u00a0nachsehen ob sich Preise oder Abfahrtszeiten ge\u00e4ndert haben.<\/p>\n<p><strong>Camping<\/strong><\/p>\n<p>Es gibt insgesamt 13 verschiedene Pl\u00e4tze an denen ihr campen k\u00f6nnt und diese werden von 3 verschiedenen Anbietern betrieben.<\/p>\n<ul>\n<li>Die <span style=\"color: #99cc00;\">kostenlosen<\/span>\u00a0Campingpl\u00e4tze (Las Carretas, Italiano, Torres und Paso) werden von <span style=\"color: #99cc00;\">CONAF<\/span> betreut. Auf diesen Pl\u00e4tzen d\u00fcrft ihr ausschlie\u00dflich campen wenn ihr eine Reservierung vorweisen k\u00f6nnt. Reservieren k\u00f6nnt ihr die Pl\u00e4tze an folgenden Orten: vorab im B\u00fcro von CONAF in Puerto Natales, an der Administration wo ihr euch registrieren m\u00fcsst, im Campingplatz Paine Grande oder an der Administration des letzten Busstops.\u00a0Das Buchungssystem ist nicht besonders ausgereift, deswegen kann es passieren das man euch im B\u00fcro in Puerto Natales sagt der Campingplatz sei voll, in der Administration oder in Paine Grande k\u00f6nnt ihr aber noch reservieren. Warum? Jede dieser Stellen (B\u00fcro, Administration und Paine Grande) hat eine bestimmte Anzahl an kostenlosen Pl\u00e4tzen zu vergeben und wenn das B\u00fcro zB schon seine 40 kostenlosen Pl\u00e4tze vergeben hat, kommt von dort nat\u00fcrlich die Info: Wir sind ausgebucht. Also lasst euch nicht entmutigen, ihr werdet einen Platz bekommen ihr m\u00fcsst nur unbedingt an die Reservierung denken!<\/li>\n<li>Die\u00a0<span style=\"color: #ff6600;\">kostenpflichtigen\u00a0<\/span>Campingpl\u00e4tze die von <span style=\"color: #ff6600;\">Vertice<\/span>\u00a0betreut werden: Paine Grande, Frances, Dickson, Perros und Grey.Die Pl\u00e4tze auf dem W sollten definitiv vorab in Puerto Natales gebucht werden. Die Pl\u00e4tze auf der R\u00fcckseite haben wir nicht vorab gebucht und hatten dort auch keine Probleme da, dass &#8222;O&#8220; nur 50 Leute pro Tag gehen d\u00fcrfen. Gerade in der Hochsaison sollte man sich fr\u00fchzeitig um die Pl\u00e4tze k\u00fcmmern. Wie wir geh\u00f6rt haben, muss man wohl vorab buchen. Also bucht am besten vorher um auf der sicheren Seite zu sein.<span style=\"color: #ff9900;\"><span style=\"color: #000000;\"><span style=\"color: #ff9900;\"><span style=\"color: #000000;\">\u00a0<\/span><\/span><\/span><\/span>Reservieren k\u00f6nnt ihr die Pl\u00e4tze im B\u00fcro von Vertice in Puerto Natales (Adresse: Bulnes 100). Kosten: 6.000 CLP p.P.<\/li>\n<li>Die <span style=\"color: #993300;\">kostenpflichtigen<\/span> Campingpl\u00e4tze die von <span style=\"color: #993300;\">Fantastico Sur<\/span> betreut werden: Cuernos, Chileno, Torres und Seron. Auch hier gilt: Die Pl\u00e4tze auf dem W sollten definitiv vorab in Puerto Natales gebucht werden. Die Pl\u00e4tze auf der R\u00fcckseite haben wir nicht vorab gebucht und hatten dort auch keine Probleme da, dass &#8222;O&#8220; nur 50 Leute pro Tag gehen d\u00fcrfen. Hier gilt das selbe wie oben, also bucht am besten vorher die Pl\u00e4tze. Das B\u00fcro von Fantastico Sur findet ihr in Puerto Natales hier: Esmeralda 661. Kosten: 8.500 CLP p.P.<\/li>\n<\/ul>\n<p><strong><a href=\"https:\/\/torresdelpaine.com\/torres-del-paine\/mapas-torres-del-paine\/\">Hier<\/a> findet Ihr offizielles Kartenmaterial zum Park.<\/strong><\/p>\n<h3><strong>Deine Ausr\u00fcstung<\/strong><\/h3>\n<p>Du m\u00f6chtest in Patagonien wandern, also solltest du auf alle 4 Jahreszeiten eingestellt sein! Du kannst Gl\u00fcck mit dem Wetter haben und 9 Tage bei strahlendem Sonnenschein wandern oder du hast Pech und es regnet und st\u00fcrmt jeden Tag.<\/p>\n<p>Versuch dich davon nicht zu sehr einschr\u00e4nken zu lassen, genie\u00df den Regen wie den Sonnenschein!<br \/>\n<strong>MUSS \/ SOLL:<\/strong> Regenjacke, schnelltrocknende (Trekking-)Hose, Fleecejacke, Longsleeve, Tshirt, gute Wanderschuhe (Sportschuhe gehen theoretisch auch, dann aber mit nassen F\u00fc\u00dfen rechnen und Ersatzschuhe einpacken, sonst bekommst du in den nassen Schuhen schnell Blasen), Socken, Schal, M\u00fctze, 1 komplettes Kleidungsset zum wechseln, Sonnenschutz, Insektenschutz, Schlafsack, Zelt, Isomatte, Gaskocher + Kartusche + Topf, Essen, Stirnlampe, Wasserflasche, Toilettenpapier, Handtuch und was du au\u00dfer deiner Zahnb\u00fcrste im Kulturbeutel ben\u00f6tigst (auf den kostenpflichtigen Campingpl\u00e4tzen gibt es tats\u00e4chlich hei\u00dfe Duschen!), ein (Karten-)Spiel f\u00fcr schlechtes Wetter \/ Abende im Zelt<\/p>\n<p><strong>OPTIONAL:<\/strong>\u00a0Handschuhe, Thermounterw\u00e4sche, Hikingst\u00f6cke , Blasenpflaster, Tabletten gegen Durchfall (just in case&#8230;), Schmerzmittel, Flipflops oder andere Schuhe f\u00fcr nach dem wandern\/abends auf dem Campingplatz.<\/p>\n<p>Du kannst theoretisch auf allen kostenpflichtigen Campingpl\u00e4tzen ein Zelt, Schlafsack und Isomatte leihen, aber in der Hochsaison solltest du das definitv im Vorfeld buchen! Die Ausr\u00fcstung geh\u00f6rt immer zum Campingplatz, du kannst sie also nicht mitnehmen und schl\u00e4fst jede Nacht in einem anderen Zelt\/Schlafsack. Daher w\u00fcrde wir dir raten: Leih dir die Ausr\u00fcstung im Ort. Es gibt unz\u00e4hlige Anbieter in Puerto Natales, einer davon: Base Camp bzw. Erratic Rock. Oder noch besser: bring deine eigenen, zuverl\u00e4ssigen Sachen von Zuhause mit.<\/p>\n<p><strong>Essen und Trinken<\/strong><\/p>\n<p>Das Wasser im Park ist vermutlich das Beste was du jemals trinken wirst! Die Fl\u00fcsse sind so rein, du brauchst es nicht filtern oder mit ekelhaften Chlortabletten verunreinigen! \ud83d\ude09 Bring einfach eine 1l Flasche mit und du kannst sie bedenkenlos an allen Fl\u00fcssen auff\u00fcllen. Dabei immer darauf achten, dass du das Wasser in der N\u00e4he der Refugios OBERHALB der Refugios\/Campingpl\u00e4tze nimmst und in den Refugios <strong>bitte nicht<\/strong> vom Wasserhahn trinken auch wenn dir alle versichern es sei trinkbar! Wir haben sehr viele Leute unterwegs getroffen die genau von diesem Wasser krank wurden. Also lieber das Wasser abkochen oder eben zum n\u00e4chsten Fluss laufen und die Flasche dort auff\u00fcllen.<\/p>\n<p>Wenns ums Essen geht, solltest du leicht aber reichhaltig packen. Wenn du z.B. Nudeln mit Tomatenso\u00dfe essen m\u00f6chtest, kauf keine fl\u00fc\u00dfige Tomatenso\u00dfe sondern einfach eine Tomatensuppe die du dann mit wenig Wasser zu einer So\u00dfe zubereitest!<\/p>\n<p>Du willst Fr\u00fchst\u00fcck aber Brot zerf\u00e4llt zu schnell? Steig auf Burritos um! Die lassen sich herzhaft oder s\u00fc\u00df zubereiten, brauchen nicht viel Platz und halten sich l\u00e4nger als jedes Brot das schon am 2. Tag total zerkr\u00fcmelt sein wird. Die Burritos kannst du au\u00dferdem ins Mittag- oder Abendessen integrieren: mit einer Instantreis-Packung (z.B. Geschmack Mexican) ist es ein schnelles und abwechslunsgreiches Mittag- oder Abendessen. Als Snacks eignen sich Schoko- und M\u00fcsliriegel, Kekse, kleine K\u00fcchlein&#8230; aber auch N\u00fcsse, getrocknete \u00c4pfel oder Bananenchips.<\/p>\n<p><strong>Saison:<\/strong><\/p>\n<ul>\n<li>Der Park ist ganzj\u00e4hrig ge\u00f6ffnet, das &#8222;O&#8220; aber zB nur bis April passierbar. Die Hauptsaison ist nat\u00fcrlich im Sommer, also von Dezember bis M\u00e4rz. Zu der Zeit ist besonders viel los &amp; die Campingpl\u00e4tze sowie der Eintritt sind etwas teurer als sonst. Allerdings hat man zu der Zeit auch das beste Wetter.<\/li>\n<\/ul>\n<h3>Der Klassiker &#8211; Das &#8222;W&#8220; (5 Tage)<\/h3>\n<p><strong>Tag 1: Pudeto (via Katamaran) &#8211; Refugio Paine Grande &#8211; Refugio Grey<\/strong><\/p>\n<ul>\n<li>Distanz: 11 km<\/li>\n<li>Dauer: Katamaranfahrt: 30 min; Paine Grande &#8211; Grey:ca. 3,5 Stunden<\/li>\n<\/ul>\n<p>Hier k\u00f6nnt Ihr euch den Grey Gletscher angucken, solange es noch hell ist.<\/p>\n<p><strong>Tag 2: Refugio Grey &#8211; Camp. Italiano (Gratis)<\/strong><\/p>\n<ul>\n<li>Distanz: 18,5 km<\/li>\n<li>Dauer: ca. 6 Stunden<\/li>\n<\/ul>\n<p><strong>Tag 3: Camp. Italiano &#8211; French Valley bis Mirador Britanico &#8211; Camp. Italiano &#8211; Los Cuernos<\/strong><\/p>\n<ul>\n<li>Distanz: 16,5 km<\/li>\n<li>Dauer: ca. 6,5 Stunden<\/li>\n<\/ul>\n<p><strong>Tag 4: Los Cuernos &#8211; Camp. Torres (Gratis) erkundigt euch hier vorab ob das Camp ge\u00f6ffnet ist.<\/strong><\/p>\n<ul>\n<li>Distanz: 20 km<\/li>\n<li>Dauer: 6,5 Stunden<\/li>\n<\/ul>\n<p>Hier gibt es eine Abk\u00fcrzung. Ihr m\u00fcsst also nicht bis zum Hotel runterlaufen, sondern k\u00f6nnt &#8222;Querfeldein&#8220; laufen. (Keine Angst, es gibt einen Weg)<\/p>\n<p><strong>Tag 5,(Teil 1): Camp. Torres &#8211; Mirador &#8211; Hotel Las Torres<\/strong><\/p>\n<ul>\n<li>Distanz: 10,5 km<\/li>\n<li>Dauer: 3,5 Stunden<\/li>\n<\/ul>\n<p><strong>Distanz: 76,5 km<\/strong><\/p>\n<p>Wenn du danach noch nicht genug hast, dann kannst du die Tour erweitern indem du auch die R\u00fcckseite des Nationalparks besuchst. Wenn du die Zeit hast, lass dir das auf keinen Fall entgehen! F\u00fcr uns war das der sch\u00f6nste Teil der Wanderung, denn hier sind zum einen weniger Menschen unterwegs und zum anderen hast du noch sch\u00f6nere Erlebnisse\/Aussichten (z.B den Grey Glacier)!<\/p>\n<p>&nbsp;<\/p>\n<h3>Die Erweiterung zum &#8222;W&#8220;: das &#8222;O&#8220; (7-9 Tage)<\/h3>\n<p><strong>Tag 1: Pudeto (via Katamaran) &#8211; Refugio Paine Grande &#8211; Camp. Italiano (Gratis)<\/strong><\/p>\n<ul>\n<li>Distanz: 7,5 km<\/li>\n<li>Dauer: Katamaranfahrt: 30 min; Paine Grande &#8211; Camp Italiano: ca. 2 Stunden<\/li>\n<\/ul>\n<p><strong>Tag 2: Camp. Italiano &#8211; French Valley bis Mirador Britanico &#8211; Camp. Italiano &#8211; Los Cuernos<\/strong><\/p>\n<ul>\n<li>Distanz: 16,5 km<\/li>\n<li>Dauer: ca. 6,5 Stunden<\/li>\n<\/ul>\n<p><strong>Tag 3: Los Cuernos &#8211; Camp. Torres (Gratis) erkundigt euch hier vorab ob das Camp ge\u00f6ffnet ist.<\/strong><\/p>\n<ul>\n<li>Distanz: 20 km<\/li>\n<li>Dauer: 6,5 Stunden<\/li>\n<\/ul>\n<p>Hier gibt es eine Abk\u00fcrzung. Ihr m\u00fcsst also nicht bis zum Hotel runterlaufen, sondern k\u00f6nnt &#8222;Querfeldein&#8220; laufen. (Keine Angst, es gibt einen Weg)<\/p>\n<p><strong>Tag 4: Camp. Torres &#8211; Mirador &#8211; Hotel Las Torres &#8211; Camp. Seron<\/strong><\/p>\n<ul>\n<li>Distanz: 19,5 km<\/li>\n<li>Dauer: 7 Stunden<\/li>\n<\/ul>\n<p><strong>Tag 5: Camp. Seron &#8211; Refugio Dickson<\/strong><\/p>\n<ul>\n<li>Distanz: 18,5 km<\/li>\n<li>Dauer: ca. 6 Stunden<\/li>\n<\/ul>\n<p><strong>Tag 6 (Teil 1): Refugio Dickson &#8211; Camp. Los Perros<\/strong><\/p>\n<ul>\n<li>Distanz: 11 km<\/li>\n<li>Dauer: ca. 3,5 Stunden<\/li>\n<\/ul>\n<p>Der Campingplatz Perros liegt vor dem Pass. Hier musst du dich erkundigen, ob das Wetter eine \u00dcberquerung des Passes zul\u00e4sst. Informationen erh\u00e4ltst du beim Ranger. Wenn du dich noch fit genug f\u00fchlst, kannst du den Pass am gleichen Tag \u00fcberqueren und zum Camp Paso (gratis) laufen. Ansonsten hast du einen kurzen Tag und kannst dich ausruhen.<\/p>\n<p><strong>Tag 6 (Teil 2): Camp. Los Perros &#8211; Camp. Paso<\/strong><\/p>\n<ul>\n<li>Distanz: 12 km<\/li>\n<li>Dauer: ca. 4 Stunden<\/li>\n<\/ul>\n<p><strong>Tag 7: Camp. Paso &#8211; Refugio Grey<\/strong><\/p>\n<ul>\n<li>Distanz: 10 km<\/li>\n<li>Dauer: ca. 3 Stunden<\/li>\n<\/ul>\n<p><strong>Tag 8: Refugio Grey &#8211; Refugio Paine Grande<\/strong><\/p>\n<ul>\n<li>Distanz: 11km<\/li>\n<li>Dauer: ca. 3 Stunden<\/li>\n<\/ul>\n<p><strong>Distanz gesamt:\u00a0126 km<\/strong><\/p>\n<p>&nbsp;<\/p>\n<p>Von Paine Grande kannst du den Katamaran um 9:35, 11:35, 14:35, 17:00 oder 18:35 zur\u00fcck zum Eingang des Parks nehmen, wo auch schon Busse warten um dich zur\u00fcck nach Puerto Natales zu bringen.<\/p>\n<p>Jetzt hast du dir eine hei\u00dfe Dusche und eine Pizza bei <a href=\"http:\/\/www.mesitagrande.cl\/\"><strong>La Mesita Grande<\/strong><\/a> verdient!!<\/p>\n<p>&nbsp;<\/p>\n<p>Solltet Ihr noch immer unsicher sein ob Ihr wirklich alle Informationen habt oder welche Route ihr gehen sollt, dann k\u00f6nnt ihr in Puerto Natales an einem kostenlosen &#8222;Trekking-Seminar&#8220; teilnehmen: <a href=\"https:\/\/www.erraticrock.com\/\">Erratic-Rock<\/a>\u00a0bietet euch jeden Tag um 11 und um 3 die M\u00f6glichkeit Informationen zu sammeln und Fragen zu stellen. F\u00fcr Alleinreisende ist diese Veranstaltung au\u00dferdem eine gute Gelegenheit Leute kennenzulernen die den Trek vielleicht zusammen laufen m\u00f6chten.<\/p>\n<p><strong>Falls euch interessiert wie es uns auf dem Trek ergangen ist, k\u00f6nnt Ihr <a href=\"http:\/\/2tramps1world.com\/2016\/03\/12\/torres-del-paine\/\">hier<\/a> nachlesen.<\/strong><\/p>\n<p>&nbsp;<\/p>\n","protected":false},"excerpt":{"rendered":"<p>Selbst organisieren, Geld sparen und nicht in einer gro\u00dfen Gruppe gehen! Patagonien steht bei vielen auf der Reiseliste ganz oben &#8211;\u00a0 und das zu Recht! Damit Torres del Paine der H\u00f6hepunkt der S\u00fcdamerikareise oder bei einem Besuch in Patagonien werden kann, zeigen wir dir welche M\u00f6glichkeiten du hast und haben ein paar Tipps zur Route f\u00fcr deinen Besuch im Nationalpark [&hellip;]<\/p>\n","protected":false},"author":1,"featured_media":0,"parent":0,"menu_order":0,"comment_status":"closed","ping_status":"closed","template":"","meta":{"jetpack_post_was_ever_published":false,"footnotes":""},"tags":[124,125,123,114,127,103,122,128,100,121,126],"class_list":["post-3060","page","type-page","status-publish","hentry","tag-anreise","tag-campingplaetze","tag-chile","tag-kosten","tag-o-trek","tag-ohne-guide","tag-organisieren","tag-puerto-natales","tag-selbst-organisieren","tag-torres-del-paine","tag-w-trek"],"jetpack_sharing_enabled":true,"jetpack_shortlink":"https:\/\/wp.me\/P9guwb-Nm","jetpack_likes_enabled":true,"jetpack-related-posts":[{"id":1353,"url":"https:\/\/2tramps1world.com\/?page_id=1353","url_meta":{"origin":3060,"position":0},"title":"Tipps und Empfehlungen","date":"25. Oktober 2015","format":false,"excerpt":"Manchmal nervt es einfach nur: Der Ort ist voller Touranbieter & viele Menschen haben die Treks schon gemacht aber NIRGENDWO kann man anst\u00e4ndige Informationen auftreiben um eine Wanderung selbst zu organisieren?! Da wir ab und zu wirklich M\u00fche haben gescheite Infos zu Wanderungen, Preisen etc. zu finden, sammeln wir ab\u2026","rel":"","context":"\u00c4hnlicher Beitrag","img":{"alt_text":"","src":"","width":0,"height":0},"classes":[]},{"id":1520,"url":"https:\/\/2tramps1world.com\/?page_id=1520","url_meta":{"origin":3060,"position":1},"title":"Santa Cruz Trek &#8211; so geht&#8217;s ohne Touranbieter","date":"25. Oktober 2015","format":false,"excerpt":"Ihr wollt einen der sch\u00f6nsten Treks Perus' laufen und habt keine Lust auf eine gro\u00dfe, von einem Guide gef\u00fchrte Gruppe, sondern wollte auf eigene Faust los? Lasst euch nicht von den Touranbietern in die Irre f\u00fchren! Denn: JA, man darf den Park ohne Guide betreten & JA, man kommt auch\u2026","rel":"","context":"In \"Cordillera Blanca\"","img":{"alt_text":"","src":"https:\/\/i0.wp.com\/2tramps1world.com\/wp-content\/uploads\/2015\/10\/wpid-dsc03383.jpg?fit=1200%2C676&ssl=1&resize=350%2C200","width":350,"height":200},"classes":[]},{"id":1570,"url":"https:\/\/2tramps1world.com\/?page_id=1570","url_meta":{"origin":3060,"position":2},"title":"Salkantay Trek","date":"25. Oktober 2015","format":false,"excerpt":"Der Inkatrail ist dir zu \u00fcberlaufen oder zu teuer, du m\u00f6chtest aber schon vor Machu Picchu die unglaublich abwechslungsreiche Landschaft des Urubambatal genie\u00dfen? Kein Problem! Selbst wenn es in Cusco mehr Touranbieter als Pflastersteine an der Plaza de Armas gibt: lass dich nicht davon abhalten den Trek alleine zu gehen!\u2026","rel":"","context":"In \"ausr\u00fcstung leihen\"","img":{"alt_text":"","src":"","width":0,"height":0},"classes":[]},{"id":1512,"url":"https:\/\/2tramps1world.com\/?page_id=1512","url_meta":{"origin":3060,"position":3},"title":"Colca Canyon &#8211; Selbst organisieren!","date":"25. Oktober 2015","format":false,"excerpt":"Du bist in Arequipa und planst einen Ausflug zum Colca Canyon, hast aber keine Lust auf eine gef\u00fchrte Tour? Kein Problem, wir verraten dir wie du es ganz ohne Guide und Zelt etc. schaffst! Du brauchst nur deinen Tagesrucksack und ein paar andere Kleinigkeiten! Schwierigkeitsgrad: Einfach bis Moderat (auf Grund\u2026","rel":"","context":"In \"arequipa\"","img":{"alt_text":"","src":"","width":0,"height":0},"classes":[]},{"id":423,"url":"https:\/\/2tramps1world.com\/?page_id=423","url_meta":{"origin":3060,"position":4},"title":"Kaffeepause","date":"25. Juli 2015","format":false,"excerpt":"Wie wir uns das Reisen leisten k\u00f6nnen sollte eigentlich allen klar sein: wir haben gespart und uns im letzten Jahr vor unserer Reise fast nichts geg\u00f6nnt und versuchen auch unterwegs so sparsam wie m\u00f6glich zu leben, um m\u00f6glichst lange unterwegs zu sein. Zwischendurch arbeiten wir auch unterwegs um unsere Reisekasse\u2026","rel":"","context":"Mit 3 Kommentaren","img":{"alt_text":"","src":"https:\/\/i0.wp.com\/2tramps1world.com\/wp-content\/uploads\/2016\/07\/sam_0195.jpg?fit=1200%2C550&ssl=1&resize=350%2C200","width":350,"height":200},"classes":[]},{"id":106,"url":"https:\/\/2tramps1world.com\/?page_id=106","url_meta":{"origin":3060,"position":5},"title":"Impressum","date":"11. April 2015","format":false,"excerpt":"Verantwortlich f\u00fcr den Inhalt dieser Webseite: Marco Groh Viktoriastr.29 54523 Hetzerath Kontakt: marco.groh@googlemail.com Haftungsausschluss 1. Inhalt des Onlineangebotes\u00a0 Der Autor \u00fcbernimmt keinerlei Gew\u00e4hr f\u00fcr die Aktualit\u00e4t, Korrektheit, Vollst\u00e4ndigkeit oder Qualit\u00e4t der bereitgestellten Informationen. Haftungsanspr\u00fcche gegen den Autor, welche sich auf Sch\u00e4den materieller oder ideeller Art beziehen, die durch die Nutzung\u2026","rel":"","context":"\u00c4hnlicher Beitrag","img":{"alt_text":"","src":"","width":0,"height":0},"classes":[]}],"_links":{"self":[{"href":"https:\/\/2tramps1world.com\/index.php?rest_route=\/wp\/v2\/pages\/3060"}],"collection":[{"href":"https:\/\/2tramps1world.com\/index.php?rest_route=\/wp\/v2\/pages"}],"about":[{"href":"https:\/\/2tramps1world.com\/index.php?rest_route=\/wp\/v2\/types\/page"}],"author":[{"embeddable":true,"href":"https:\/\/2tramps1world.com\/index.php?rest_route=\/wp\/v2\/users\/1"}],"replies":[{"embeddable":true,"href":"https:\/\/2tramps1world.com\/index.php?rest_route=%2Fwp%2Fv2%2Fcomments&post=3060"}],"version-history":[{"count":10,"href":"https:\/\/2tramps1world.com\/index.php?rest_route=\/wp\/v2\/pages\/3060\/revisions"}],"predecessor-version":[{"id":8997,"href":"https:\/\/2tramps1world.com\/index.php?rest_route=\/wp\/v2\/pages\/3060\/revisions\/8997"}],"wp:attachment":[{"href":"https:\/\/2tramps1world.com\/index.php?rest_route=%2Fwp%2Fv2%2Fmedia&parent=3060"}],"wp:term":[{"taxonomy":"post_tag","embeddable":true,"href":"https:\/\/2tramps1world.com\/index.php?rest_route=%2Fwp%2Fv2%2Ftags&post=3060"}],"curies":[{"name":"wp","href":"https:\/\/api.w.org\/{rel}","templated":true}]}}