{"id":172,"date":"2015-06-19T17:26:44","date_gmt":"2015-06-19T15:26:44","guid":{"rendered":"https:\/\/2tramps1world.wordpress.com\/?page_id=172"},"modified":"2018-02-23T09:22:54","modified_gmt":"2018-02-23T08:22:54","slug":"kontakt","status":"publish","type":"page","link":"https:\/\/2tramps1world.com\/?page_id=172","title":{"rendered":"Kontakt"},"content":{"rendered":"<p>Du willst was los werden oder uns ein paar Zeilen schreiben? Nur zu!<\/p>\n<p>Ob Lob, Kritik oder ein &#8222;Hallo&#8220; aus der Heimat: <strong>Wir freuen uns von euch zu h\u00f6ren!<\/strong><\/p>\n<p>Sollte sich jemand auf diese Seite verirrt haben &amp; uns nicht pers\u00f6nlich kennen: Vielleicht plant ja sogar jemand von euch selbst eine Reise in eines der L\u00e4nder die wir bisher bereist haben &amp; hat irgendeine Frage?! Nur zu!<\/p>\n<div id='contact-form-172'>\n<form action='https:\/\/2tramps1world.com\/?page_id=172#contact-form-172' method='post' class='contact-form commentsblock'>\n<script>\n\t\t\t( function () {\n\t\t\t\tconst contact_forms = document.getElementsByClassName('contact-form');\n\n\t\t\t\tfor ( const form of contact_forms ) {\n\t\t\t\t\tform.onsubmit = function() {\n\t\t\t\t\t\tconst buttons = form.getElementsByTagName('button');\n\n\t\t\t\t\t\tfor( const button of buttons ) {\n\t\t\t\t\t\t\tbutton.setAttribute('disabled', true);\n\t\t\t\t\t\t}\n\t\t\t\t\t}\n\t\t\t\t}\n\t\t\t} )();\n\t\t<\/script>\n\t\t\t\t\n<div class='grunion-field-wrap grunion-field-name-wrap'  >\n<label\n\t\t\t\tfor='g172-name'\n\t\t\t\tclass='grunion-field-label name'\n\t\t\t\t>Name<span>(erforderlich)<\/span><\/label>\n<input\n\t\t\t\t\ttype='text'\n\t\t\t\t\tname='g172-name'\n\t\t\t\t\tid='g172-name'\n\t\t\t\t\tvalue=''\n\t\t\t\t\tclass='name' \n\t\t\t\t\trequired aria-required='true'\n\t\t\t\t\/>\n\t<\/div>\n\n\t\t\t\t\n<div class='grunion-field-wrap grunion-field-email-wrap'  >\n<label\n\t\t\t\tfor='g172-email'\n\t\t\t\tclass='grunion-field-label email'\n\t\t\t\t>E-Mail<span>(erforderlich)<\/span><\/label>\n<input\n\t\t\t\t\ttype='email'\n\t\t\t\t\tname='g172-email'\n\t\t\t\t\tid='g172-email'\n\t\t\t\t\tvalue=''\n\t\t\t\t\tclass='email' \n\t\t\t\t\trequired aria-required='true'\n\t\t\t\t\/>\n\t<\/div>\n\n\t\t\t\t\n<div class='grunion-field-wrap grunion-field-url-wrap'  >\n<label\n\t\t\t\tfor='g172-website'\n\t\t\t\tclass='grunion-field-label url'\n\t\t\t\t>Website<\/label>\n<input\n\t\t\t\t\ttype='url'\n\t\t\t\t\tname='g172-website'\n\t\t\t\t\tid='g172-website'\n\t\t\t\t\tvalue=''\n\t\t\t\t\tclass='url' \n\t\t\t\t\t\n\t\t\t\t\/>\n\t<\/div>\n\n\t\t\t\t\n<div class='grunion-field-wrap grunion-field-textarea-wrap'  >\n<label\n\t\t\t\tfor='contact-form-comment-g172-nachricht'\n\t\t\t\tclass='grunion-field-label textarea'\n\t\t\t\t>Nachricht<\/label>\n<textarea\n\t\t                name='g172-nachricht'\n\t\t                id='contact-form-comment-g172-nachricht'\n\t\t                rows='20' class='textarea'  ><\/textarea>\n\t<\/div>\n\t<p class='contact-submit'>\n\t\t<button type='submit' class='pushbutton-wide'>Senden<\/button>\t\t<input type='hidden' name='contact-form-id' value='172' \/>\n\t\t<input type='hidden' name='action' value='grunion-contact-form' \/>\n\t\t<input type='hidden' name='contact-form-hash' value='97d170e1550eee4afc0af065b78cda302a97674c' \/>\n\t<\/p>\n<p style=\"display: none !important;\" class=\"akismet-fields-container\" data-prefix=\"ak_\"><label>&#916;<textarea name=\"ak_hp_textarea\" cols=\"45\" rows=\"8\" maxlength=\"100\"><\/textarea><\/label><input type=\"hidden\" id=\"ak_js_1\" name=\"ak_js\" value=\"118\"\/><script>document.getElementById( \"ak_js_1\" ).setAttribute( \"value\", ( new Date() ).getTime() );<\/script><\/p><\/form>\n<\/div>\n","protected":false},"excerpt":{"rendered":"<p>Du willst was los werden oder uns ein paar Zeilen schreiben? Nur zu! Ob Lob, Kritik oder ein &#8222;Hallo&#8220; aus der Heimat: Wir freuen uns von euch zu h\u00f6ren! Sollte sich jemand auf diese Seite verirrt haben &amp; uns nicht pers\u00f6nlich kennen: Vielleicht plant ja sogar jemand von euch selbst eine Reise in eines der L\u00e4nder die wir bisher bereist [&hellip;]<\/p>\n","protected":false},"author":1,"featured_media":0,"parent":0,"menu_order":0,"comment_status":"closed","ping_status":"closed","template":"","meta":{"jetpack_post_was_ever_published":false,"footnotes":""},"tags":[],"class_list":["post-172","page","type-page","status-publish","hentry"],"jetpack_sharing_enabled":true,"jetpack_shortlink":"https:\/\/wp.me\/P9guwb-2M","jetpack_likes_enabled":true,"jetpack-related-posts":[{"id":423,"url":"https:\/\/2tramps1world.com\/?page_id=423","url_meta":{"origin":172,"position":0},"title":"Kaffeepause","date":"25. Juli 2015","format":false,"excerpt":"Wie wir uns das Reisen leisten k\u00f6nnen sollte eigentlich allen klar sein: wir haben gespart und uns im letzten Jahr vor unserer Reise fast nichts geg\u00f6nnt und versuchen auch unterwegs so sparsam wie m\u00f6glich zu leben, um m\u00f6glichst lange unterwegs zu sein. Zwischendurch arbeiten wir auch unterwegs um unsere Reisekasse\u2026","rel":"","context":"Mit 3 Kommentaren","img":{"alt_text":"","src":"https:\/\/i0.wp.com\/2tramps1world.com\/wp-content\/uploads\/2016\/07\/sam_0195.jpg?fit=1200%2C550&ssl=1&resize=350%2C200","width":350,"height":200},"classes":[]},{"id":1512,"url":"https:\/\/2tramps1world.com\/?page_id=1512","url_meta":{"origin":172,"position":1},"title":"Colca Canyon &#8211; Selbst organisieren!","date":"25. Oktober 2015","format":false,"excerpt":"Du bist in Arequipa und planst einen Ausflug zum Colca Canyon, hast aber keine Lust auf eine gef\u00fchrte Tour? Kein Problem, wir verraten dir wie du es ganz ohne Guide und Zelt etc. schaffst! Du brauchst nur deinen Tagesrucksack und ein paar andere Kleinigkeiten! Schwierigkeitsgrad: Einfach bis Moderat (auf Grund\u2026","rel":"","context":"In \"arequipa\"","img":{"alt_text":"","src":"","width":0,"height":0},"classes":[]},{"id":104,"url":"https:\/\/2tramps1world.com\/?page_id=104","url_meta":{"origin":172,"position":2},"title":"\u00dcber uns","date":"11. April 2015","format":false,"excerpt":"Bist du bereit mit uns um die Welt zu reisen? \u201eI always wonder why birds stay in the same place\u00a0when they can fly anywhere on earth.\u00a0 Then I ask myself the same question.\u201c -\u00a0Harun Yahya Wir sind Sabrina & Marco - seit dem 03.07.2015 auf einer Reise, die wir so\u2026","rel":"","context":"In \"Blog\"","img":{"alt_text":"","src":"https:\/\/i0.wp.com\/2tramps1world.com\/wp-content\/uploads\/2015\/04\/beitragfoto-1-e1510610664587.jpg?resize=350%2C200","width":350,"height":200},"classes":[]},{"id":1353,"url":"https:\/\/2tramps1world.com\/?page_id=1353","url_meta":{"origin":172,"position":3},"title":"Tipps und Empfehlungen","date":"25. Oktober 2015","format":false,"excerpt":"Manchmal nervt es einfach nur: Der Ort ist voller Touranbieter & viele Menschen haben die Treks schon gemacht aber NIRGENDWO kann man anst\u00e4ndige Informationen auftreiben um eine Wanderung selbst zu organisieren?! Da wir ab und zu wirklich M\u00fche haben gescheite Infos zu Wanderungen, Preisen etc. zu finden, sammeln wir ab\u2026","rel":"","context":"\u00c4hnlicher Beitrag","img":{"alt_text":"","src":"","width":0,"height":0},"classes":[]},{"id":3060,"url":"https:\/\/2tramps1world.com\/?page_id=3060","url_meta":{"origin":172,"position":4},"title":"Torres del Paine &#8211; Auf eigene Faust","date":"20. November 2017","format":false,"excerpt":"Selbst organisieren, Geld sparen und nicht in einer gro\u00dfen Gruppe gehen! Patagonien steht bei vielen auf der Reiseliste ganz oben -\u00a0 und das zu Recht! Damit Torres del Paine der H\u00f6hepunkt der S\u00fcdamerikareise oder bei einem Besuch in Patagonien werden kann, zeigen wir dir welche M\u00f6glichkeiten du hast und haben\u2026","rel":"","context":"In \"anreise\"","img":{"alt_text":"","src":"https:\/\/i0.wp.com\/2tramps1world.com\/wp-content\/uploads\/2017\/11\/Header-TDP-1-1024x412.jpg?resize=350%2C200","width":350,"height":200},"classes":[]},{"id":1570,"url":"https:\/\/2tramps1world.com\/?page_id=1570","url_meta":{"origin":172,"position":5},"title":"Salkantay Trek","date":"25. Oktober 2015","format":false,"excerpt":"Der Inkatrail ist dir zu \u00fcberlaufen oder zu teuer, du m\u00f6chtest aber schon vor Machu Picchu die unglaublich abwechslungsreiche Landschaft des Urubambatal genie\u00dfen? Kein Problem! Selbst wenn es in Cusco mehr Touranbieter als Pflastersteine an der Plaza de Armas gibt: lass dich nicht davon abhalten den Trek alleine zu gehen!\u2026","rel":"","context":"In \"ausr\u00fcstung leihen\"","img":{"alt_text":"","src":"","width":0,"height":0},"classes":[]}],"_links":{"self":[{"href":"https:\/\/2tramps1world.com\/index.php?rest_route=\/wp\/v2\/pages\/172"}],"collection":[{"href":"https:\/\/2tramps1world.com\/index.php?rest_route=\/wp\/v2\/pages"}],"about":[{"href":"https:\/\/2tramps1world.com\/index.php?rest_route=\/wp\/v2\/types\/page"}],"author":[{"embeddable":true,"href":"https:\/\/2tramps1world.com\/index.php?rest_route=\/wp\/v2\/users\/1"}],"replies":[{"embeddable":true,"href":"https:\/\/2tramps1world.com\/index.php?rest_route=%2Fwp%2Fv2%2Fcomments&post=172"}],"version-history":[{"count":1,"href":"https:\/\/2tramps1world.com\/index.php?rest_route=\/wp\/v2\/pages\/172\/revisions"}],"predecessor-version":[{"id":8862,"href":"https:\/\/2tramps1world.com\/index.php?rest_route=\/wp\/v2\/pages\/172\/revisions\/8862"}],"wp:attachment":[{"href":"https:\/\/2tramps1world.com\/index.php?rest_route=%2Fwp%2Fv2%2Fmedia&parent=172"}],"wp:term":[{"taxonomy":"post_tag","embeddable":true,"href":"https:\/\/2tramps1world.com\/index.php?rest_route=%2Fwp%2Fv2%2Ftags&post=172"}],"curies":[{"name":"wp","href":"https:\/\/api.w.org\/{rel}","templated":true}]}}