{"id":1520,"date":"2015-10-25T00:24:44","date_gmt":"2015-10-24T22:24:44","guid":{"rendered":"https:\/\/2tramps1world.wordpress.com\/?page_id=1520"},"modified":"2017-11-14T12:28:05","modified_gmt":"2017-11-14T11:28:05","slug":"santa-cruz-trek-so-gehts-ohne-touranbieter","status":"publish","type":"page","link":"https:\/\/2tramps1world.com\/?page_id=1520","title":{"rendered":"Santa Cruz Trek &#8211; so geht&#8217;s ohne Touranbieter"},"content":{"rendered":"<p>Ihr wollt einen der sch\u00f6nsten Treks Perus&#8216; laufen und habt keine Lust auf eine gro\u00dfe, von einem Guide gef\u00fchrte Gruppe, sondern wollte auf eigene Faust los? Lasst euch nicht von den Touranbietern in die Irre f\u00fchren! Denn: JA, man darf den Park ohne Guide betreten &amp; JA, man kommt auch ohne Gruppe gut zum Ausgangspunkt des Treks! Und selbst wenn es dein erster selbstorganisierter Trek ist: Du kannst das schaffen, wir haben es immerhin auch geschafft \ud83d\ude09<\/p>\n<p><strong>Schwierigkeitsgrad<\/strong>: Moderat bis Anstrengend (vorallem wenn du dein eigenes Equipment mitnimmst)<br \/>\n<strong>Wie du hin kommst:<\/strong> Der einfachste Weg startet in Vaqueria und endet in Cashapampa. Nat\u00fcrlich kannst du auch andersherum gehen, aber dann l\u00e4ufst du 4 Tage nur bergauf. Au\u00dferdem ist der R\u00fccktransport von Cashapampa aus einfacher!<br \/>\nVon Huaraz aus fahren ab 4 Uhr Collectivos nach Yungay. Hierf\u00fcr gibt es nat\u00fcrlich keinen Fahrplan, aber du kannst jedes Collectivo Richtung Caraz nehmen oder die Fahrer einfach fragen ob sie nach Yungay fahren. Andernfalls kannst du von Av. Gamarra in Huaraz nach Yunguay auch einen Bus nehmen. Von Yungay fahren dann andere Collectivos nach Vaqueria. Dauer: Ca. 4 &#8211; 4 1\/2 Stunden<br \/>\nWenn du den Trek in Cashapampa beendest, kannst du dort auch wieder ein Collectivo nach Caraz nehmen (die Collectivos fahren von ca. 5 &#8211; 17 Uhr) &amp; dort ein weiteres nach Huaraz. Dauer: Ca. 2 &#8211; 2 1\/2 Stunden<br \/>\n<strong>Was es kostet:<\/strong><br \/>\n<em>Eintritt Nationalpark:<\/em> 65 PEN (das Ticket ist f\u00fcr 21 Tage g\u00fcltig und kann z.B. auch schon f\u00fcr den Besuch der Laguna 69 genutzt werden)<br \/>\n<em>Fahrtkosten<\/em>: 39 PEN (Collectivo Huaraz-Yungay: 5 PEN, Collectivo Yungay-Vaqueria: 20 PEN; Collectivo Cashapampa-Caraz: 8 PEN, Collectivo Caraz-Huaraz: 6 PEN)<br \/>\n<em>Equipment<\/em>: Zelt: 10 PEN; Schlafsack; 10 PEN; Isomatte: 3,5 PEN; Gaskocher + T\u00f6pfe: 7 PEN Also ca. 30,5 PEN p.P. \/ Tag<br \/>\n<strong>Was du brauchst:\u00a0<\/strong>Du solltest dich definitv auf Regen einstellen! Regendichte Kleidung und Regenh\u00fclle f\u00fcr deinen Rucksack ist ein absolutes Muss!<br \/>\nRegenjacke, Regenhose, (evtl.) Wanderhose, Fleecejacke, Tshirts, Thermounterw\u00e4sche (nur wenn du wei\u00dft das du schnell frierst), gute Wanderschuhe (keine Sportschuhe!!) + Socken, M\u00fctze, Schal, Handschuhe, (und mind. 1 komplettes Kleidungsset zum wechseln) Sonnenschutz, Insektenschutz, Schlafsack, Zelt, Isomatte, Gaskocher + Katuschen + T\u00f6pfe, Essen (optimal sind Sachen die schnell gehen, wie Instantnudeln, Pasta, Suppe oder f\u00fcr zwischendurch Snacks wie M\u00fcsliriegel, N\u00fcsse &amp; Trockenobst. Zum Fr\u00fchst\u00fcck eignen sich hart gekochte Eier, Avocado, Toast und Tee\/Instantkaffee), Stirnlampe, Wasserflasche + Wasserentkeimungstabletten, Tabletten geg. H\u00f6henkrankheit, evt. Schmerzmittel, Tabletten geg. Durchfall, Kokatee oder Kokateebl\u00e4tter (bekommt man auf dem gro\u00dfen Markt in Huaraz ( Hojas de Coca) &amp; Blasenpflaster. Eventuell k\u00f6nnen Hikingst\u00f6cke hilfreich sein, da der Weg oft sehr uneben, bergab und steinig ist.<br \/>\nWir hatten keine Map mit, da wir mit der App &#8222;maps.me&#8220; offline navigiert haben. Wenn du eine Map kaufen m\u00f6chtest, kannst du das bei &#8222;Casa de las Guias&#8220;. Kosten: ca. 80 PEN<br \/>\nDu solltest auf jedenfall gut akklimatisiert sein und nicht direkt an deinem ersten Tag in Huaraz zum Trek starten! Hierf\u00fcr bietet sich z.B. ein Tagesausflug zur Lagunga 69 (sehr sch\u00f6n!; Kosten: ca. 30-45 PEN) und ein Tagesausflug zur Laguna Wilcacocha (die Lagune selbst ist nicht besonders sch\u00f6n, aber die Aussicht lohnt sich; max. 4 PEN mit dem Collectivo f\u00fcr Hin-&amp; R\u00fcckweg zusammen) an.<br \/>\n<strong>Beste Reisezeit<\/strong>: Mai bis August, da ansonsten Regenzeit ist (oft liest man Mai-September, aber wir sind im September gegangen und es hat jeden Tag geregnet)<br \/>\n<strong>M\u00f6gliche Etappen:<\/strong><br \/>\n<strong>Tag 1:<\/strong> Vaqueria (3600m) &#8211; Paria (3870m) ca. 10 km; 4-5 Stunden<br \/>\n<strong>Tag 2:<\/strong> Paria (3870m) &#8211; Punta Union Pass (4750m) &#8211; Taullipampa (4250m) ca. 13 km; 7-8 Stunden<br \/>\n<strong>Tag 3:<\/strong> Taullipampa (4250m) &#8211; Llamacoral (3750m)ca. 10 km; 6-7 Stunden<br \/>\n<strong>Tag 4:<\/strong> Llamacoral (3750m) &#8211; Cashapampa (2900m) ca. 12 km; 5 Stunden<br \/>\n<strong>Dauer:<\/strong> 3-4 Tage (Tag 3 und 4 kann man, wenn man m\u00f6chte, zusammenfassen; sollte aber sp\u00e4testens um 7 Uhr starten und muss z\u00fcgig laufen um in Cashapampa bis 17 Uhr noch ein Collectivo zu erwischen)<br \/>\n<strong>Distanz:<\/strong>\u00a045 km<br \/>\n<strong>H\u00f6chster Punkt:<\/strong>\u00a04750m (Punta Union Pass)<\/p>\n<p><strong>Wer wissen will, wie es uns auf dem Trek ergangen ist und was es sonst noch um Huaraz zu sehen gibt, kann <a href=\"https:\/\/2tramps1world.com\/2015\/10\/01\/huaraz-und-cordillera-blanca\/\">hier<\/a> nachlesen.<\/strong><\/p>\n","protected":false},"excerpt":{"rendered":"<p>Ihr wollt einen der sch\u00f6nsten Treks Perus&#8216; laufen und habt keine Lust auf eine gro\u00dfe, von einem Guide gef\u00fchrte Gruppe, sondern wollte auf eigene Faust los? Lasst euch nicht von den Touranbietern in die Irre f\u00fchren! Denn: JA, man darf den Park ohne Guide betreten &amp; JA, man kommt auch ohne Gruppe gut zum Ausgangspunkt des Treks! Und selbst wenn [&hellip;]<\/p>\n","protected":false},"author":1,"featured_media":1325,"parent":0,"menu_order":0,"comment_status":"open","ping_status":"open","template":"","meta":{"jetpack_post_was_ever_published":false,"footnotes":""},"tags":[102,104,101,103,99,105,100],"class_list":["post-1520","page","type-page","status-publish","has-post-thumbnail","hentry","tag-cordillera-blanca","tag-do-it-yourself","tag-huaraz","tag-ohne-guide","tag-santa-cruz-trek","tag-santa-cruz-trek-bus","tag-selbst-organisieren"],"jetpack_sharing_enabled":true,"jetpack_shortlink":"https:\/\/wp.me\/P9guwb-ow","jetpack_likes_enabled":true,"jetpack-related-posts":[{"id":1570,"url":"https:\/\/2tramps1world.com\/?page_id=1570","url_meta":{"origin":1520,"position":0},"title":"Salkantay Trek","date":"25. Oktober 2015","format":false,"excerpt":"Der Inkatrail ist dir zu \u00fcberlaufen oder zu teuer, du m\u00f6chtest aber schon vor Machu Picchu die unglaublich abwechslungsreiche Landschaft des Urubambatal genie\u00dfen? Kein Problem! Selbst wenn es in Cusco mehr Touranbieter als Pflastersteine an der Plaza de Armas gibt: lass dich nicht davon abhalten den Trek alleine zu gehen!\u2026","rel":"","context":"In \"ausr\u00fcstung leihen\"","img":{"alt_text":"","src":"","width":0,"height":0},"classes":[]},{"id":1512,"url":"https:\/\/2tramps1world.com\/?page_id=1512","url_meta":{"origin":1520,"position":1},"title":"Colca Canyon &#8211; Selbst organisieren!","date":"25. Oktober 2015","format":false,"excerpt":"Du bist in Arequipa und planst einen Ausflug zum Colca Canyon, hast aber keine Lust auf eine gef\u00fchrte Tour? Kein Problem, wir verraten dir wie du es ganz ohne Guide und Zelt etc. schaffst! Du brauchst nur deinen Tagesrucksack und ein paar andere Kleinigkeiten! Schwierigkeitsgrad: Einfach bis Moderat (auf Grund\u2026","rel":"","context":"In \"arequipa\"","img":{"alt_text":"","src":"","width":0,"height":0},"classes":[]},{"id":1353,"url":"https:\/\/2tramps1world.com\/?page_id=1353","url_meta":{"origin":1520,"position":2},"title":"Tipps und Empfehlungen","date":"25. Oktober 2015","format":false,"excerpt":"Manchmal nervt es einfach nur: Der Ort ist voller Touranbieter & viele Menschen haben die Treks schon gemacht aber NIRGENDWO kann man anst\u00e4ndige Informationen auftreiben um eine Wanderung selbst zu organisieren?! Da wir ab und zu wirklich M\u00fche haben gescheite Infos zu Wanderungen, Preisen etc. zu finden, sammeln wir ab\u2026","rel":"","context":"\u00c4hnlicher Beitrag","img":{"alt_text":"","src":"","width":0,"height":0},"classes":[]},{"id":3060,"url":"https:\/\/2tramps1world.com\/?page_id=3060","url_meta":{"origin":1520,"position":3},"title":"Torres del Paine &#8211; Auf eigene Faust","date":"20. November 2017","format":false,"excerpt":"Selbst organisieren, Geld sparen und nicht in einer gro\u00dfen Gruppe gehen! Patagonien steht bei vielen auf der Reiseliste ganz oben -\u00a0 und das zu Recht! Damit Torres del Paine der H\u00f6hepunkt der S\u00fcdamerikareise oder bei einem Besuch in Patagonien werden kann, zeigen wir dir welche M\u00f6glichkeiten du hast und haben\u2026","rel":"","context":"In \"anreise\"","img":{"alt_text":"","src":"https:\/\/i0.wp.com\/2tramps1world.com\/wp-content\/uploads\/2017\/11\/Header-TDP-1-1024x412.jpg?resize=350%2C200","width":350,"height":200},"classes":[]},{"id":106,"url":"https:\/\/2tramps1world.com\/?page_id=106","url_meta":{"origin":1520,"position":4},"title":"Impressum","date":"11. April 2015","format":false,"excerpt":"Verantwortlich f\u00fcr den Inhalt dieser Webseite: Marco Groh Viktoriastr.29 54523 Hetzerath Kontakt: marco.groh@googlemail.com Haftungsausschluss 1. Inhalt des Onlineangebotes\u00a0 Der Autor \u00fcbernimmt keinerlei Gew\u00e4hr f\u00fcr die Aktualit\u00e4t, Korrektheit, Vollst\u00e4ndigkeit oder Qualit\u00e4t der bereitgestellten Informationen. Haftungsanspr\u00fcche gegen den Autor, welche sich auf Sch\u00e4den materieller oder ideeller Art beziehen, die durch die Nutzung\u2026","rel":"","context":"\u00c4hnlicher Beitrag","img":{"alt_text":"","src":"","width":0,"height":0},"classes":[]},{"id":104,"url":"https:\/\/2tramps1world.com\/?page_id=104","url_meta":{"origin":1520,"position":5},"title":"\u00dcber uns","date":"11. April 2015","format":false,"excerpt":"Bist du bereit mit uns um die Welt zu reisen? \u201eI always wonder why birds stay in the same place\u00a0when they can fly anywhere on earth.\u00a0 Then I ask myself the same question.\u201c -\u00a0Harun Yahya Wir sind Sabrina & Marco - seit dem 03.07.2015 auf einer Reise, die wir so\u2026","rel":"","context":"In \"Blog\"","img":{"alt_text":"","src":"https:\/\/i0.wp.com\/2tramps1world.com\/wp-content\/uploads\/2015\/04\/beitragfoto-1-e1510610664587.jpg?resize=350%2C200","width":350,"height":200},"classes":[]}],"_links":{"self":[{"href":"https:\/\/2tramps1world.com\/index.php?rest_route=\/wp\/v2\/pages\/1520"}],"collection":[{"href":"https:\/\/2tramps1world.com\/index.php?rest_route=\/wp\/v2\/pages"}],"about":[{"href":"https:\/\/2tramps1world.com\/index.php?rest_route=\/wp\/v2\/types\/page"}],"author":[{"embeddable":true,"href":"https:\/\/2tramps1world.com\/index.php?rest_route=\/wp\/v2\/users\/1"}],"replies":[{"embeddable":true,"href":"https:\/\/2tramps1world.com\/index.php?rest_route=%2Fwp%2Fv2%2Fcomments&post=1520"}],"version-history":[{"count":4,"href":"https:\/\/2tramps1world.com\/index.php?rest_route=\/wp\/v2\/pages\/1520\/revisions"}],"predecessor-version":[{"id":8355,"href":"https:\/\/2tramps1world.com\/index.php?rest_route=\/wp\/v2\/pages\/1520\/revisions\/8355"}],"wp:featuredmedia":[{"embeddable":true,"href":"https:\/\/2tramps1world.com\/index.php?rest_route=\/wp\/v2\/media\/1325"}],"wp:attachment":[{"href":"https:\/\/2tramps1world.com\/index.php?rest_route=%2Fwp%2Fv2%2Fmedia&parent=1520"}],"wp:term":[{"taxonomy":"post_tag","embeddable":true,"href":"https:\/\/2tramps1world.com\/index.php?rest_route=%2Fwp%2Fv2%2Ftags&post=1520"}],"curies":[{"name":"wp","href":"https:\/\/api.w.org\/{rel}","templated":true}]}}