{"id":1353,"date":"2015-10-25T00:16:52","date_gmt":"2015-10-24T22:16:52","guid":{"rendered":"https:\/\/2tramps1world.wordpress.com\/?page_id=1353"},"modified":"2018-03-31T09:15:25","modified_gmt":"2018-03-31T07:15:25","slug":"tipps-und-empfehlungen","status":"publish","type":"page","link":"https:\/\/2tramps1world.com\/?page_id=1353","title":{"rendered":"Tipps und Empfehlungen"},"content":{"rendered":"<p>Manchmal nervt es einfach nur: Der Ort ist voller Touranbieter &amp; viele Menschen haben die Treks schon gemacht aber NIRGENDWO kann man anst\u00e4ndige Informationen auftreiben um eine Wanderung selbst zu organisieren?! Da wir ab und zu wirklich M\u00fche haben gescheite Infos zu Wanderungen, Preisen etc. zu finden, sammeln wir ab sofort hier ein paar unserer Erfahrungen um es anderen eventuell leichter zu machen.<\/p>\n<p>&nbsp;<\/p>\n<p><a href=\"http:\/\/2tramps1world.com\/santa-cruz-trek-so-gehts-ohne-touranbieter\/\">Santa Cruz Trek &#8211; so geht&#8217;s ohne Guide<\/a><\/p>\n<p><a href=\"http:\/\/2tramps1world.com\/colca-canyon\/\">Colca Canyon &#8211; ganz einfach und ohne Guide<\/a><\/p>\n<p><a href=\"http:\/\/2tramps1world.com\/salkantay-trek-ohne-guide\/\">Salkantay Trek \/\/ Machu Picchu &#8211; vergesst die Touranbieter!<\/a><\/p>\n<p><a href=\"http:\/\/2tramps1world.com\/torres-del-paine\/\">Torres del Paine NP<\/a><\/p>\n<p>&nbsp;<\/p>\n<p>Alles andere was uns w\u00e4hrend der Reise noch so besch\u00e4ftigt hat, kommt ebenfalls in diese Kategorie. Hier wollen wir alles zusammentragen was wir im Vorfeld (oder auch als wir schon unterwegs waren) als n\u00fctzlich empfunden haben.<\/p>\n<p><strong>Bald gibts es dann auch Tipps zu Unterk\u00fcnften in denen wir \u00fcbernachtet haben!<\/strong><\/p>\n","protected":false},"excerpt":{"rendered":"<p>Manchmal nervt es einfach nur: Der Ort ist voller Touranbieter &amp; viele Menschen haben die Treks schon gemacht aber NIRGENDWO kann man anst\u00e4ndige Informationen auftreiben um eine Wanderung selbst zu organisieren?! Da wir ab und zu wirklich M\u00fche haben gescheite Infos zu Wanderungen, Preisen etc. zu finden, sammeln wir ab sofort hier ein paar unserer Erfahrungen um es anderen eventuell [&hellip;]<\/p>\n","protected":false},"author":1,"featured_media":1466,"parent":0,"menu_order":0,"comment_status":"closed","ping_status":"closed","template":"","meta":{"jetpack_post_was_ever_published":false,"footnotes":""},"tags":[],"class_list":["post-1353","page","type-page","status-publish","has-post-thumbnail","hentry"],"jetpack_sharing_enabled":true,"jetpack_shortlink":"https:\/\/wp.me\/P9guwb-lP","jetpack_likes_enabled":true,"jetpack-related-posts":[{"id":1520,"url":"https:\/\/2tramps1world.com\/?page_id=1520","url_meta":{"origin":1353,"position":0},"title":"Santa Cruz Trek &#8211; so geht&#8217;s ohne Touranbieter","date":"25. Oktober 2015","format":false,"excerpt":"Ihr wollt einen der sch\u00f6nsten Treks Perus' laufen und habt keine Lust auf eine gro\u00dfe, von einem Guide gef\u00fchrte Gruppe, sondern wollte auf eigene Faust los? Lasst euch nicht von den Touranbietern in die Irre f\u00fchren! Denn: JA, man darf den Park ohne Guide betreten & JA, man kommt auch\u2026","rel":"","context":"In \"Cordillera Blanca\"","img":{"alt_text":"","src":"https:\/\/i0.wp.com\/2tramps1world.com\/wp-content\/uploads\/2015\/10\/wpid-dsc03383.jpg?fit=1200%2C676&ssl=1&resize=350%2C200","width":350,"height":200},"classes":[]},{"id":1570,"url":"https:\/\/2tramps1world.com\/?page_id=1570","url_meta":{"origin":1353,"position":1},"title":"Salkantay Trek","date":"25. Oktober 2015","format":false,"excerpt":"Der Inkatrail ist dir zu \u00fcberlaufen oder zu teuer, du m\u00f6chtest aber schon vor Machu Picchu die unglaublich abwechslungsreiche Landschaft des Urubambatal genie\u00dfen? Kein Problem! Selbst wenn es in Cusco mehr Touranbieter als Pflastersteine an der Plaza de Armas gibt: lass dich nicht davon abhalten den Trek alleine zu gehen!\u2026","rel":"","context":"In \"ausr\u00fcstung leihen\"","img":{"alt_text":"","src":"","width":0,"height":0},"classes":[]},{"id":1512,"url":"https:\/\/2tramps1world.com\/?page_id=1512","url_meta":{"origin":1353,"position":2},"title":"Colca Canyon &#8211; Selbst organisieren!","date":"25. Oktober 2015","format":false,"excerpt":"Du bist in Arequipa und planst einen Ausflug zum Colca Canyon, hast aber keine Lust auf eine gef\u00fchrte Tour? Kein Problem, wir verraten dir wie du es ganz ohne Guide und Zelt etc. schaffst! Du brauchst nur deinen Tagesrucksack und ein paar andere Kleinigkeiten! Schwierigkeitsgrad: Einfach bis Moderat (auf Grund\u2026","rel":"","context":"In \"arequipa\"","img":{"alt_text":"","src":"","width":0,"height":0},"classes":[]},{"id":3060,"url":"https:\/\/2tramps1world.com\/?page_id=3060","url_meta":{"origin":1353,"position":3},"title":"Torres del Paine &#8211; Auf eigene Faust","date":"20. November 2017","format":false,"excerpt":"Selbst organisieren, Geld sparen und nicht in einer gro\u00dfen Gruppe gehen! Patagonien steht bei vielen auf der Reiseliste ganz oben -\u00a0 und das zu Recht! Damit Torres del Paine der H\u00f6hepunkt der S\u00fcdamerikareise oder bei einem Besuch in Patagonien werden kann, zeigen wir dir welche M\u00f6glichkeiten du hast und haben\u2026","rel":"","context":"In \"anreise\"","img":{"alt_text":"","src":"https:\/\/i0.wp.com\/2tramps1world.com\/wp-content\/uploads\/2017\/11\/Header-TDP-1-1024x412.jpg?resize=350%2C200","width":350,"height":200},"classes":[]},{"id":104,"url":"https:\/\/2tramps1world.com\/?page_id=104","url_meta":{"origin":1353,"position":4},"title":"\u00dcber uns","date":"11. April 2015","format":false,"excerpt":"Bist du bereit mit uns um die Welt zu reisen? \u201eI always wonder why birds stay in the same place\u00a0when they can fly anywhere on earth.\u00a0 Then I ask myself the same question.\u201c -\u00a0Harun Yahya Wir sind Sabrina & Marco - seit dem 03.07.2015 auf einer Reise, die wir so\u2026","rel":"","context":"In \"Blog\"","img":{"alt_text":"","src":"https:\/\/i0.wp.com\/2tramps1world.com\/wp-content\/uploads\/2015\/04\/beitragfoto-1-e1510610664587.jpg?resize=350%2C200","width":350,"height":200},"classes":[]},{"id":423,"url":"https:\/\/2tramps1world.com\/?page_id=423","url_meta":{"origin":1353,"position":5},"title":"Kaffeepause","date":"25. Juli 2015","format":false,"excerpt":"Wie wir uns das Reisen leisten k\u00f6nnen sollte eigentlich allen klar sein: wir haben gespart und uns im letzten Jahr vor unserer Reise fast nichts geg\u00f6nnt und versuchen auch unterwegs so sparsam wie m\u00f6glich zu leben, um m\u00f6glichst lange unterwegs zu sein. Zwischendurch arbeiten wir auch unterwegs um unsere Reisekasse\u2026","rel":"","context":"Mit 3 Kommentaren","img":{"alt_text":"","src":"https:\/\/i0.wp.com\/2tramps1world.com\/wp-content\/uploads\/2016\/07\/sam_0195.jpg?fit=1200%2C550&ssl=1&resize=350%2C200","width":350,"height":200},"classes":[]}],"_links":{"self":[{"href":"https:\/\/2tramps1world.com\/index.php?rest_route=\/wp\/v2\/pages\/1353"}],"collection":[{"href":"https:\/\/2tramps1world.com\/index.php?rest_route=\/wp\/v2\/pages"}],"about":[{"href":"https:\/\/2tramps1world.com\/index.php?rest_route=\/wp\/v2\/types\/page"}],"author":[{"embeddable":true,"href":"https:\/\/2tramps1world.com\/index.php?rest_route=\/wp\/v2\/users\/1"}],"replies":[{"embeddable":true,"href":"https:\/\/2tramps1world.com\/index.php?rest_route=%2Fwp%2Fv2%2Fcomments&post=1353"}],"version-history":[{"count":6,"href":"https:\/\/2tramps1world.com\/index.php?rest_route=\/wp\/v2\/pages\/1353\/revisions"}],"predecessor-version":[{"id":8993,"href":"https:\/\/2tramps1world.com\/index.php?rest_route=\/wp\/v2\/pages\/1353\/revisions\/8993"}],"wp:featuredmedia":[{"embeddable":true,"href":"https:\/\/2tramps1world.com\/index.php?rest_route=\/"}],"wp:attachment":[{"href":"https:\/\/2tramps1world.com\/index.php?rest_route=%2Fwp%2Fv2%2Fmedia&parent=1353"}],"wp:term":[{"taxonomy":"post_tag","embeddable":true,"href":"https:\/\/2tramps1world.com\/index.php?rest_route=%2Fwp%2Fv2%2Ftags&post=1353"}],"curies":[{"name":"wp","href":"https:\/\/api.w.org\/{rel}","templated":true}]}}