{"id":106,"date":"2015-04-11T17:40:29","date_gmt":"2015-04-11T15:40:29","guid":{"rendered":"https:\/\/2tramps1world.wordpress.com\/?page_id=106"},"modified":"2018-03-08T06:01:54","modified_gmt":"2018-03-08T05:01:54","slug":"impressum","status":"publish","type":"page","link":"https:\/\/2tramps1world.com\/?page_id=106","title":{"rendered":"Impressum"},"content":{"rendered":"<p>Verantwortlich f\u00fcr den Inhalt dieser Webseite:<\/p>\n<p>Marco Groh<br \/>\nViktoriastr.29<\/p>\n<p>54523 Hetzerath<\/p>\n<p>Kontakt: marco.groh@googlemail.com<\/p>\n<p>Haftungsausschluss<\/p>\n<p><span style=\"line-height: 1.5;\">1. Inhalt des Onlineangebotes\u00a0<\/span><\/p>\n<p>Der Autor \u00fcbernimmt keinerlei Gew\u00e4hr f\u00fcr die Aktualit\u00e4t, Korrektheit, Vollst\u00e4ndigkeit oder Qualit\u00e4t der bereitgestellten Informationen. Haftungsanspr\u00fcche gegen den Autor, welche sich auf Sch\u00e4den materieller oder ideeller Art beziehen, die durch die Nutzung oder Nichtnutzung der dargebotenen Informationen bzw. durch die Nutzung fehlerhafter und unvollst\u00e4ndiger Informationen verursacht wurden, sind grunds\u00e4tzlich ausgeschlossen, sofern seitens des Autors kein nachweislich vors\u00e4tzliches oder grob fahrl\u00e4ssiges Verschulden vorliegt.<br \/>\nAlle Angebote sind freibleibend und unverbindlich. Der Autor beh\u00e4lt es sich ausdr\u00fccklich vor, Teile der Seiten oder das gesamte Angebot ohne gesonderte Ank\u00fcndigung zu ver\u00e4ndern, zu erg\u00e4nzen, zu l\u00f6schen oder die Ver\u00f6ffentlichung zeitweise oder endg\u00fcltig einzustellen.<\/p>\n<p>2. Verweise und Links<br \/>\nBei direkten oder indirekten Verweisen auf fremde Webseiten (Hyperlinks), die au\u00dferhalb des Verantwortungsbereiches des Autors liegen, w\u00fcrde eine Haftungsverpflichtung ausschlie\u00dflich in dem Fall in Kraft treten, in dem der Autor von den Inhalten Kenntnis hat und es ihm technisch m\u00f6glich und zumutbar w\u00e4re, die Nutzung im Falle rechtswidriger Inhalte zu verhindern.<br \/>\nDer Autor erkl\u00e4rt hiermit ausdr\u00fccklich, dass zum Zeitpunkt der Linksetzung keine illegalen Inhalte auf den zu verlinkenden Seiten erkennbar waren. Auf die aktuelle und zuk\u00fcnftige Gestaltung, die Inhalte oder die Urheberschaft der verlinkten\/verkn\u00fcpften Seiten hat der Autor keinerlei Einfluss. Deshalb distanziert er sich hiermit ausdr\u00fccklich von allen Inhalten aller verlinkten \/verkn\u00fcpften Seiten, die nach der Linksetzung ver\u00e4ndert wurden. Diese Feststellung gilt f\u00fcr alle innerhalb des eigenen Internetangebotes gesetzten Links und Verweise sowie f\u00fcr Fremdeintr\u00e4ge in vom Autor eingerichteten G\u00e4steb\u00fcchern, Diskussionsforen, Linkverzeichnissen, Mailinglisten und in allen anderen Formen von Datenbanken, auf deren Inhalt externe Schreibzugriffe m\u00f6glich sind. F\u00fcr illegale, fehlerhafte oder unvollst\u00e4ndige Inhalte und insbesondere f\u00fcr Sch\u00e4den, die aus der Nutzung oder Nichtnutzung solcherart dargebotener Informationen entstehen, haftet allein der Anbieter der Seite, auf welche verwiesen wurde, nicht derjenige, der \u00fcber Links auf die jeweilige Ver\u00f6ffentlichung lediglich verweist.<\/p>\n<p>3. Urheber- und Kennzeichenrecht<br \/>\nDer Autor ist bestrebt, in allen Publikationen die Urheberrechte der verwendeten Grafiken, Tondokumente, Videosequenzen und Texte zu beachten, von ihm selbst erstellte Grafiken, Tondokumente, Videosequenzen und Texte zu nutzen oder auf lizenzfreie Grafiken, Tondokumente, Videosequenzen und Texte zur\u00fcckzugreifen.<br \/>\nAlle innerhalb des Internetangebotes genannten und ggf. durch Dritte gesch\u00fctzten Marken- und Warenzeichen unterliegen uneingeschr\u00e4nkt den Bestimmungen des jeweils g\u00fcltigen Kennzeichenrechts und den Besitzrechten der jeweiligen eingetragenen Eigent\u00fcmer. Allein aufgrund der blo\u00dfen Nennung ist nicht der Schluss zu ziehen, dass Markenzeichen nicht durch Rechte Dritter gesch\u00fctzt sind!<br \/>\nDas Copyright f\u00fcr ver\u00f6ffentlichte, vom Autor selbst erstellte Objekte bleibt allein beim Autor der Seiten. Eine Vervielf\u00e4ltigung oder Verwendung solcher Grafiken, Tondokumente, Videosequenzen und Texte in anderen elektronischen oder gedruckten Publikationen ist ohne ausdr\u00fcckliche Zustimmung des Autors nicht gestattet.<\/p>\n<p>4. Datenschutz<br \/>\nSofern innerhalb des Internetangebotes die M\u00f6glichkeit zur Eingabe pers\u00f6nlicher oder gesch\u00e4ftlicher Daten (Emailadressen, Namen, Anschriften) besteht, so erfolgt die Preisgabe dieser Daten seitens des Nutzers auf ausdr\u00fccklich freiwilliger Basis. Die Inanspruchnahme und Bezahlung aller angebotenen Dienste ist &#8211; soweit technisch m\u00f6glich und zumutbar &#8211; auch ohne Angabe solcher Daten bzw. unter Angabe anonymisierter Daten oder eines Pseudonyms gestattet. Die Nutzung der im Rahmen des Impressums oder vergleichbarer Angaben ver\u00f6ffentlichten Kontaktdaten wie Postanschriften, Telefon- und Faxnummern sowie Emailadressen durch Dritte zur \u00dcbersendung von nicht ausdr\u00fccklich angeforderten Informationen ist nicht gestattet. Rechtliche Schritte gegen die Versender von sogenannten Spam-Mails bei Verst\u00f6ssen gegen dieses Verbot sind ausdr\u00fccklich vorbehalten.<\/p>\n<p>5. Rechtswirksamkeit dieses Haftungsausschlusses<br \/>\nDieser Haftungsausschluss ist als Teil des Internetangebotes zu betrachten, von dem aus auf diese Seite verwiesen wurde. Sofern Teile oder einzelne Formulierungen dieses Textes der geltenden Rechtslage nicht, nicht mehr oder nicht vollst\u00e4ndig entsprechen sollten, bleiben die \u00fcbrigen Teile des Dokumentes in ihrem Inhalt und ihrer G\u00fcltigkeit davon unber\u00fchrt.<\/p>\n","protected":false},"excerpt":{"rendered":"<p>Verantwortlich f\u00fcr den Inhalt dieser Webseite: Marco Groh Viktoriastr.29 54523 Hetzerath Kontakt: marco.groh@googlemail.com Haftungsausschluss 1. Inhalt des Onlineangebotes\u00a0 Der Autor \u00fcbernimmt keinerlei Gew\u00e4hr f\u00fcr die Aktualit\u00e4t, Korrektheit, Vollst\u00e4ndigkeit oder Qualit\u00e4t der bereitgestellten Informationen. Haftungsanspr\u00fcche gegen den Autor, welche sich auf Sch\u00e4den materieller oder ideeller Art beziehen, die durch die Nutzung oder Nichtnutzung der dargebotenen Informationen bzw. durch die Nutzung fehlerhafter [&hellip;]<\/p>\n","protected":false},"author":1,"featured_media":0,"parent":0,"menu_order":0,"comment_status":"closed","ping_status":"closed","template":"","meta":{"jetpack_post_was_ever_published":false,"footnotes":""},"tags":[],"class_list":["post-106","page","type-page","status-publish","hentry"],"jetpack_sharing_enabled":true,"jetpack_shortlink":"https:\/\/wp.me\/P9guwb-1I","jetpack_likes_enabled":true,"jetpack-related-posts":[{"id":3060,"url":"https:\/\/2tramps1world.com\/?page_id=3060","url_meta":{"origin":106,"position":0},"title":"Torres del Paine &#8211; Auf eigene Faust","date":"20. November 2017","format":false,"excerpt":"Selbst organisieren, Geld sparen und nicht in einer gro\u00dfen Gruppe gehen! Patagonien steht bei vielen auf der Reiseliste ganz oben -\u00a0 und das zu Recht! Damit Torres del Paine der H\u00f6hepunkt der S\u00fcdamerikareise oder bei einem Besuch in Patagonien werden kann, zeigen wir dir welche M\u00f6glichkeiten du hast und haben\u2026","rel":"","context":"In \"anreise\"","img":{"alt_text":"","src":"https:\/\/i0.wp.com\/2tramps1world.com\/wp-content\/uploads\/2017\/11\/Header-TDP-1-1024x412.jpg?resize=350%2C200","width":350,"height":200},"classes":[]},{"id":1570,"url":"https:\/\/2tramps1world.com\/?page_id=1570","url_meta":{"origin":106,"position":1},"title":"Salkantay Trek","date":"25. Oktober 2015","format":false,"excerpt":"Der Inkatrail ist dir zu \u00fcberlaufen oder zu teuer, du m\u00f6chtest aber schon vor Machu Picchu die unglaublich abwechslungsreiche Landschaft des Urubambatal genie\u00dfen? Kein Problem! Selbst wenn es in Cusco mehr Touranbieter als Pflastersteine an der Plaza de Armas gibt: lass dich nicht davon abhalten den Trek alleine zu gehen!\u2026","rel":"","context":"In \"ausr\u00fcstung leihen\"","img":{"alt_text":"","src":"","width":0,"height":0},"classes":[]},{"id":1512,"url":"https:\/\/2tramps1world.com\/?page_id=1512","url_meta":{"origin":106,"position":2},"title":"Colca Canyon &#8211; Selbst organisieren!","date":"25. Oktober 2015","format":false,"excerpt":"Du bist in Arequipa und planst einen Ausflug zum Colca Canyon, hast aber keine Lust auf eine gef\u00fchrte Tour? Kein Problem, wir verraten dir wie du es ganz ohne Guide und Zelt etc. schaffst! Du brauchst nur deinen Tagesrucksack und ein paar andere Kleinigkeiten! Schwierigkeitsgrad: Einfach bis Moderat (auf Grund\u2026","rel":"","context":"In \"arequipa\"","img":{"alt_text":"","src":"","width":0,"height":0},"classes":[]},{"id":1353,"url":"https:\/\/2tramps1world.com\/?page_id=1353","url_meta":{"origin":106,"position":3},"title":"Tipps und Empfehlungen","date":"25. Oktober 2015","format":false,"excerpt":"Manchmal nervt es einfach nur: Der Ort ist voller Touranbieter & viele Menschen haben die Treks schon gemacht aber NIRGENDWO kann man anst\u00e4ndige Informationen auftreiben um eine Wanderung selbst zu organisieren?! Da wir ab und zu wirklich M\u00fche haben gescheite Infos zu Wanderungen, Preisen etc. zu finden, sammeln wir ab\u2026","rel":"","context":"\u00c4hnlicher Beitrag","img":{"alt_text":"","src":"","width":0,"height":0},"classes":[]},{"id":1520,"url":"https:\/\/2tramps1world.com\/?page_id=1520","url_meta":{"origin":106,"position":4},"title":"Santa Cruz Trek &#8211; so geht&#8217;s ohne Touranbieter","date":"25. Oktober 2015","format":false,"excerpt":"Ihr wollt einen der sch\u00f6nsten Treks Perus' laufen und habt keine Lust auf eine gro\u00dfe, von einem Guide gef\u00fchrte Gruppe, sondern wollte auf eigene Faust los? Lasst euch nicht von den Touranbietern in die Irre f\u00fchren! Denn: JA, man darf den Park ohne Guide betreten & JA, man kommt auch\u2026","rel":"","context":"In \"Cordillera Blanca\"","img":{"alt_text":"","src":"https:\/\/i0.wp.com\/2tramps1world.com\/wp-content\/uploads\/2015\/10\/wpid-dsc03383.jpg?fit=1200%2C676&ssl=1&resize=350%2C200","width":350,"height":200},"classes":[]},{"id":104,"url":"https:\/\/2tramps1world.com\/?page_id=104","url_meta":{"origin":106,"position":5},"title":"\u00dcber uns","date":"11. April 2015","format":false,"excerpt":"Bist du bereit mit uns um die Welt zu reisen? \u201eI always wonder why birds stay in the same place\u00a0when they can fly anywhere on earth.\u00a0 Then I ask myself the same question.\u201c -\u00a0Harun Yahya Wir sind Sabrina & Marco - seit dem 03.07.2015 auf einer Reise, die wir so\u2026","rel":"","context":"In \"Blog\"","img":{"alt_text":"","src":"https:\/\/i0.wp.com\/2tramps1world.com\/wp-content\/uploads\/2015\/04\/beitragfoto-1-e1510610664587.jpg?resize=350%2C200","width":350,"height":200},"classes":[]}],"_links":{"self":[{"href":"https:\/\/2tramps1world.com\/index.php?rest_route=\/wp\/v2\/pages\/106"}],"collection":[{"href":"https:\/\/2tramps1world.com\/index.php?rest_route=\/wp\/v2\/pages"}],"about":[{"href":"https:\/\/2tramps1world.com\/index.php?rest_route=\/wp\/v2\/types\/page"}],"author":[{"embeddable":true,"href":"https:\/\/2tramps1world.com\/index.php?rest_route=\/wp\/v2\/users\/1"}],"replies":[{"embeddable":true,"href":"https:\/\/2tramps1world.com\/index.php?rest_route=%2Fwp%2Fv2%2Fcomments&post=106"}],"version-history":[{"count":1,"href":"https:\/\/2tramps1world.com\/index.php?rest_route=\/wp\/v2\/pages\/106\/revisions"}],"predecessor-version":[{"id":8209,"href":"https:\/\/2tramps1world.com\/index.php?rest_route=\/wp\/v2\/pages\/106\/revisions\/8209"}],"wp:attachment":[{"href":"https:\/\/2tramps1world.com\/index.php?rest_route=%2Fwp%2Fv2%2Fmedia&parent=106"}],"wp:term":[{"taxonomy":"post_tag","embeddable":true,"href":"https:\/\/2tramps1world.com\/index.php?rest_route=%2Fwp%2Fv2%2Ftags&post=106"}],"curies":[{"name":"wp","href":"https:\/\/api.w.org\/{rel}","templated":true}]}}