{"id":104,"date":"2015-04-11T17:39:50","date_gmt":"2015-04-11T15:39:50","guid":{"rendered":"https:\/\/2tramps1world.wordpress.com\/?page_id=104"},"modified":"2018-11-18T12:53:43","modified_gmt":"2018-11-18T11:53:43","slug":"uber-uns-2","status":"publish","type":"page","link":"https:\/\/2tramps1world.com\/?page_id=104","title":{"rendered":"\u00dcber uns"},"content":{"rendered":"<h4><strong>Bist du bereit mit uns um die Welt zu reisen?<\/strong><\/h4>\n<p><em>\u201eI always wonder why birds stay in the same place\u00a0<\/em><em>when they can fly anywhere on earth.\u00a0<\/em><\/p>\n<p><em>Then I ask myself the same question.\u201c &#8211;\u00a0<\/em>Harun Yahya<\/p>\n<p>Wir sind <strong>Sabrina &amp; Marco<\/strong> &#8211; seit dem 03.07.2015 auf einer Reise, die wir so nie geplant hatten!<\/p>\n<p>Da wir gerne so viel wie m\u00f6glich von der Welt sehen wollten, durch unsere Jobs aber nat\u00fcrlich immer in Sachen Urlaubsplanung bzw. &#8211; dauer etwas eingeschr\u00e4nkt waren, machten wir uns frei von Allem (Wohnung, Jobs, M\u00f6bel etc.) und wagten den Schritt ins Ungewisse:\u00a0Geplant war eine ca. einj\u00e4hrige Reise die uns von S\u00fcdamerika, \u00fcber Neuseeland nach S\u00fcdostasien bringen sollte.<\/p>\n<p>Doch unser &#8222;Zeitplan&#8220; ging einfach nicht auf: Wir brauchten in jedem Land l\u00e4nger als wir vorher grob \u00fcberschlagen hatten. Wer konnte schon ahnen, dass es so viel zu entdecken gibt und man sich so schnell nicht satt sieht sondern immer mehr erfahren und erleben m\u00f6chte. Anfan<img loading=\"lazy\" decoding=\"async\" data-attachment-id=\"4112\" data-permalink=\"https:\/\/2tramps1world.com\/?attachment_id=4112\" data-orig-file=\"https:\/\/i0.wp.com\/2tramps1world.com\/wp-content\/uploads\/2016\/04\/received_1196221717056532.jpeg?fit=960%2C960&amp;ssl=1\" data-orig-size=\"960,960\" data-comments-opened=\"1\" data-image-meta=\"{&quot;aperture&quot;:&quot;0&quot;,&quot;credit&quot;:&quot;&quot;,&quot;camera&quot;:&quot;&quot;,&quot;caption&quot;:&quot;&quot;,&quot;created_timestamp&quot;:&quot;0&quot;,&quot;copyright&quot;:&quot;&quot;,&quot;focal_length&quot;:&quot;0&quot;,&quot;iso&quot;:&quot;0&quot;,&quot;shutter_speed&quot;:&quot;0&quot;,&quot;title&quot;:&quot;&quot;,&quot;orientation&quot;:&quot;0&quot;}\" data-image-title=\"received_1196221717056532.jpeg\" data-image-description=\"\" data-image-caption=\"\" data-medium-file=\"https:\/\/i0.wp.com\/2tramps1world.com\/wp-content\/uploads\/2016\/04\/received_1196221717056532.jpeg?fit=300%2C300&amp;ssl=1\" data-large-file=\"https:\/\/i0.wp.com\/2tramps1world.com\/wp-content\/uploads\/2016\/04\/received_1196221717056532.jpeg?fit=960%2C960&amp;ssl=1\" class=\"alignright wp-image-4112\" src=\"https:\/\/i0.wp.com\/2tramps1world.com\/wp-content\/uploads\/2016\/04\/received_1196221717056532.jpeg?resize=346%2C346\" alt=\"\" width=\"346\" height=\"346\" srcset=\"https:\/\/i0.wp.com\/2tramps1world.com\/wp-content\/uploads\/2016\/04\/received_1196221717056532.jpeg?resize=300%2C300&amp;ssl=1 300w, https:\/\/i0.wp.com\/2tramps1world.com\/wp-content\/uploads\/2016\/04\/received_1196221717056532.jpeg?resize=150%2C150&amp;ssl=1 150w, https:\/\/i0.wp.com\/2tramps1world.com\/wp-content\/uploads\/2016\/04\/received_1196221717056532.jpeg?resize=768%2C768&amp;ssl=1 768w, https:\/\/i0.wp.com\/2tramps1world.com\/wp-content\/uploads\/2016\/04\/received_1196221717056532.jpeg?resize=809%2C809&amp;ssl=1 809w, https:\/\/i0.wp.com\/2tramps1world.com\/wp-content\/uploads\/2016\/04\/received_1196221717056532.jpeg?w=960&amp;ssl=1 960w\" sizes=\"(max-width: 346px) 100vw, 346px\" data-recalc-dims=\"1\" \/>gs f\u00fchlten wir uns von unserem Ziel (eine Weltreise in einem Jahr mit den eben genannten Zielen zu machen) unter Druck gesetzt und versuchten den &#8222;Zeitplan&#8220; &#8211; welcher ca. einen Monat in jedem Land vorsah &#8211; einzuhalten. Doch schon bald waren wir ein paar Wochen hinterher und wir dachten uns: wozu unter Druck setzen, schlie\u00dflich ist das vermutlich unsere einmalige Chance die Welt f\u00fcr uns zu entdecken, schlie\u00dflich haben wir zuhause keine Verpflichtungen denen wir nachkommen m\u00fcssen.<\/p>\n<p>Also wurden aus urspr\u00fcnglich 6 Monaten in S\u00fcdamerika schnell 10 und aus 3 Monaten Neuseeland wurden 14 Monate&#8230;<\/p>\n<p>Seit dem Start unserer Reise haben wir also einiges erlebt und viel \u00fcber uns gelernt. Der gro\u00dfe Schritt zu unserer &#8222;Weltreise&#8220; war f\u00fcr uns auf jeden Fall die richtige Entscheidung. Auch wenn wir bisher nur einen Bruchteil der L\u00e4nder besucht haben, die anf\u00e4nglich geplant waren, so ist die Freiheit zu entscheiden wo man wann sein m\u00f6chte immer noch ein tolles Gef\u00fchl.<\/p>\n<p>&nbsp;<\/p>\n<p><a href=\"https:\/\/2tramps1world.com\/blog\/\"><img loading=\"lazy\" decoding=\"async\" data-attachment-id=\"8345\" data-permalink=\"https:\/\/2tramps1world.com\/?attachment_id=8345\" data-orig-file=\"https:\/\/i0.wp.com\/2tramps1world.com\/wp-content\/uploads\/2015\/04\/beitragfoto-1-e1510610664587.jpg?fit=1920%2C1001&amp;ssl=1\" data-orig-size=\"1920,1001\" data-comments-opened=\"1\" data-image-meta=\"{&quot;aperture&quot;:&quot;2.8&quot;,&quot;credit&quot;:&quot;&quot;,&quot;camera&quot;:&quot;HERO5 Black&quot;,&quot;caption&quot;:&quot;DCIM100GOPROGOPR0056.JPG&quot;,&quot;created_timestamp&quot;:&quot;1477752837&quot;,&quot;copyright&quot;:&quot;&quot;,&quot;focal_length&quot;:&quot;3&quot;,&quot;iso&quot;:&quot;100&quot;,&quot;shutter_speed&quot;:&quot;0.000512&quot;,&quot;title&quot;:&quot;DCIM100GOPROGOPR0056.JPG&quot;,&quot;orientation&quot;:&quot;1&quot;}\" data-image-title=\"DCIM100GOPROGOPR0056.JPG\" data-image-description=\"\" data-image-caption=\"&lt;p&gt;DCIM100GOPROGOPR0056.JPG&lt;\/p&gt;\n\" data-medium-file=\"https:\/\/i0.wp.com\/2tramps1world.com\/wp-content\/uploads\/2015\/04\/beitragfoto-1-e1510610664587.jpg?fit=300%2C156&amp;ssl=1\" data-large-file=\"https:\/\/i0.wp.com\/2tramps1world.com\/wp-content\/uploads\/2015\/04\/beitragfoto-1-e1510610664587.jpg?fit=1024%2C534&amp;ssl=1\" class=\"alignnone wp-image-8345 size-full\" src=\"https:\/\/i0.wp.com\/2tramps1world.com\/wp-content\/uploads\/2015\/04\/beitragfoto-1-e1510610664587.jpg?resize=1170%2C610\" alt=\"\" width=\"1170\" height=\"610\" data-recalc-dims=\"1\" \/><\/a><\/p>\n<p>&nbsp;<\/p>\n<p><strong>Folgt uns!<\/strong><\/p>\n<p>Auf der Map k\u00f6nnt Ihr sehen wo wir w\u00e4hrend unserer Reise schon \u00fcberall gewesen sind.<\/p>\n<div><\/div>\n<div style=\"position: relative; margin: 5px 0 5px 0; padding-bottom: 56.25%; height: 0; clear: both;\"><iframe loading=\"lazy\" style=\"position: absolute; top: 0; left: 0; width: 100%; height: 100%; border: 0;\" src=\"https:\/\/www.tripline.net\/map?tripId=161256515363101387D1E06D65E80978&amp;onSite=0\" width=\"300\" height=\"150\" frameborder=\"0\" allowfullscreen=\"allowfullscreen\"><\/iframe><\/div>\n<div id=\"travellerspoint-map814286\"><\/div>\n","protected":false},"excerpt":{"rendered":"<p>Bist du bereit mit uns um die Welt zu reisen? \u201eI always wonder why birds stay in the same place\u00a0when they can fly anywhere on earth.\u00a0 Then I ask myself the same question.\u201c &#8211;\u00a0Harun Yahya Wir sind Sabrina &amp; Marco &#8211; seit dem 03.07.2015 auf einer Reise, die wir so nie geplant hatten! Da wir gerne so viel wie m\u00f6glich [&hellip;]<\/p>\n","protected":false},"author":1,"featured_media":0,"parent":0,"menu_order":0,"comment_status":"closed","ping_status":"closed","template":"","meta":{"jetpack_post_was_ever_published":false,"footnotes":""},"tags":[119,68,120,118],"class_list":["post-104","page","type-page","status-publish","hentry","tag-blog","tag-reisetipps","tag-suedamerika","tag-weltreise"],"jetpack_sharing_enabled":true,"jetpack_shortlink":"https:\/\/wp.me\/P9guwb-1G","jetpack_likes_enabled":true,"jetpack-related-posts":[{"id":97,"url":"https:\/\/2tramps1world.com\/?page_id=97","url_meta":{"origin":104,"position":0},"title":"Route","date":"11. April 2015","format":false,"excerpt":"Wenn ihr auf die verschiedenen L\u00e4nderkategorien klickt, k\u00f6nnt ihr die dazu passenden Berichte lesen.Seit Juli 2015 waren wir in S\u00fcdamerika (Kolumbien, Ecuador, Peru, Bolivien, Chile, Argentinien, Uruguay, Paraguay & Brasilien), Neuseeland, Tonga, T\u00fcrkei (Istanbul), Ukraine(Kiew) und Sri Lanka In S\u00fcdamerika sind wir fast immer\u00a0mit Bussen gefahren (insgesamt kamen wir dabei\u2026","rel":"","context":"\u00c4hnlicher Beitrag","img":{"alt_text":"","src":"https:\/\/i0.wp.com\/2tramps1world.com\/wp-content\/uploads\/2016\/07\/img_2592.jpeg?fit=1200%2C599&ssl=1&resize=350%2C200","width":350,"height":200},"classes":[]},{"id":423,"url":"https:\/\/2tramps1world.com\/?page_id=423","url_meta":{"origin":104,"position":1},"title":"Kaffeepause","date":"25. Juli 2015","format":false,"excerpt":"Wie wir uns das Reisen leisten k\u00f6nnen sollte eigentlich allen klar sein: wir haben gespart und uns im letzten Jahr vor unserer Reise fast nichts geg\u00f6nnt und versuchen auch unterwegs so sparsam wie m\u00f6glich zu leben, um m\u00f6glichst lange unterwegs zu sein. Zwischendurch arbeiten wir auch unterwegs um unsere Reisekasse\u2026","rel":"","context":"Mit 3 Kommentaren","img":{"alt_text":"","src":"https:\/\/i0.wp.com\/2tramps1world.com\/wp-content\/uploads\/2016\/07\/sam_0195.jpg?fit=1200%2C550&ssl=1&resize=350%2C200","width":350,"height":200},"classes":[]},{"id":172,"url":"https:\/\/2tramps1world.com\/?page_id=172","url_meta":{"origin":104,"position":2},"title":"Kontakt","date":"19. Juni 2015","format":false,"excerpt":"Du willst was los werden oder uns ein paar Zeilen schreiben? Nur zu! Ob Lob, Kritik oder ein \"Hallo\" aus der Heimat: Wir freuen uns von euch zu h\u00f6ren! Sollte sich jemand auf diese Seite verirrt haben & uns nicht pers\u00f6nlich kennen: Vielleicht plant ja sogar jemand von euch selbst\u2026","rel":"","context":"\u00c4hnlicher Beitrag","img":{"alt_text":"","src":"","width":0,"height":0},"classes":[]},{"id":1353,"url":"https:\/\/2tramps1world.com\/?page_id=1353","url_meta":{"origin":104,"position":3},"title":"Tipps und Empfehlungen","date":"25. Oktober 2015","format":false,"excerpt":"Manchmal nervt es einfach nur: Der Ort ist voller Touranbieter & viele Menschen haben die Treks schon gemacht aber NIRGENDWO kann man anst\u00e4ndige Informationen auftreiben um eine Wanderung selbst zu organisieren?! Da wir ab und zu wirklich M\u00fche haben gescheite Infos zu Wanderungen, Preisen etc. zu finden, sammeln wir ab\u2026","rel":"","context":"\u00c4hnlicher Beitrag","img":{"alt_text":"","src":"","width":0,"height":0},"classes":[]},{"id":3060,"url":"https:\/\/2tramps1world.com\/?page_id=3060","url_meta":{"origin":104,"position":4},"title":"Torres del Paine &#8211; Auf eigene Faust","date":"20. November 2017","format":false,"excerpt":"Selbst organisieren, Geld sparen und nicht in einer gro\u00dfen Gruppe gehen! Patagonien steht bei vielen auf der Reiseliste ganz oben -\u00a0 und das zu Recht! Damit Torres del Paine der H\u00f6hepunkt der S\u00fcdamerikareise oder bei einem Besuch in Patagonien werden kann, zeigen wir dir welche M\u00f6glichkeiten du hast und haben\u2026","rel":"","context":"In \"anreise\"","img":{"alt_text":"","src":"https:\/\/i0.wp.com\/2tramps1world.com\/wp-content\/uploads\/2017\/11\/Header-TDP-1-1024x412.jpg?resize=350%2C200","width":350,"height":200},"classes":[]},{"id":1512,"url":"https:\/\/2tramps1world.com\/?page_id=1512","url_meta":{"origin":104,"position":5},"title":"Colca Canyon &#8211; Selbst organisieren!","date":"25. Oktober 2015","format":false,"excerpt":"Du bist in Arequipa und planst einen Ausflug zum Colca Canyon, hast aber keine Lust auf eine gef\u00fchrte Tour? Kein Problem, wir verraten dir wie du es ganz ohne Guide und Zelt etc. schaffst! Du brauchst nur deinen Tagesrucksack und ein paar andere Kleinigkeiten! Schwierigkeitsgrad: Einfach bis Moderat (auf Grund\u2026","rel":"","context":"In \"arequipa\"","img":{"alt_text":"","src":"","width":0,"height":0},"classes":[]}],"_links":{"self":[{"href":"https:\/\/2tramps1world.com\/index.php?rest_route=\/wp\/v2\/pages\/104"}],"collection":[{"href":"https:\/\/2tramps1world.com\/index.php?rest_route=\/wp\/v2\/pages"}],"about":[{"href":"https:\/\/2tramps1world.com\/index.php?rest_route=\/wp\/v2\/types\/page"}],"author":[{"embeddable":true,"href":"https:\/\/2tramps1world.com\/index.php?rest_route=\/wp\/v2\/users\/1"}],"replies":[{"embeddable":true,"href":"https:\/\/2tramps1world.com\/index.php?rest_route=%2Fwp%2Fv2%2Fcomments&post=104"}],"version-history":[{"count":10,"href":"https:\/\/2tramps1world.com\/index.php?rest_route=\/wp\/v2\/pages\/104\/revisions"}],"predecessor-version":[{"id":9180,"href":"https:\/\/2tramps1world.com\/index.php?rest_route=\/wp\/v2\/pages\/104\/revisions\/9180"}],"wp:attachment":[{"href":"https:\/\/2tramps1world.com\/index.php?rest_route=%2Fwp%2Fv2%2Fmedia&parent=104"}],"wp:term":[{"taxonomy":"post_tag","embeddable":true,"href":"https:\/\/2tramps1world.com\/index.php?rest_route=%2Fwp%2Fv2%2Ftags&post=104"}],"curies":[{"name":"wp","href":"https:\/\/api.w.org\/{rel}","templated":true}]}}